{"id":654,"date":"2024-11-18T08:40:06","date_gmt":"2024-11-18T08:40:06","guid":{"rendered":"https:\/\/palazzobenessere.com\/?page_id=654"},"modified":"2025-10-29T16:08:33","modified_gmt":"2025-10-29T16:08:33","slug":"age-expert","status":"publish","type":"page","link":"https:\/\/palazzobenessere.com\/it\/products\/age-expert\/","title":{"rendered":"Age Expert"},"content":{"rendered":"<div data-elementor-type=\"wp-page\" data-elementor-id=\"654\" class=\"elementor elementor-654\">\n\t\t\t\t<div class=\"elementor-element elementor-element-ba23734 e-flex e-con-boxed e-con e-parent\" data-id=\"ba23734\" data-element_type=\"container\" data-settings=\"{&quot;background_background&quot;:&quot;classic&quot;}\">\n\t\t\t\t\t<div class=\"e-con-inner\">\n\t\t\t\t<div class=\"elementor-element elementor-element-66eb31f elementor-widget elementor-widget-heading\" data-id=\"66eb31f\" data-element_type=\"widget\" data-widget_type=\"heading.default\">\n\t\t\t\t<div class=\"elementor-widget-container\">\n\t\t\t\t\t<h1 class=\"elementor-heading-title elementor-size-default\">AGE EXPERT<\/h1>\t\t\t\t<\/div>\n\t\t\t\t<\/div>\n\t\t\t\t<div class=\"elementor-element elementor-element-bda6c2c elementor-widget elementor-widget-text-editor\" data-id=\"bda6c2c\" data-element_type=\"widget\" data-widget_type=\"text-editor.default\">\n\t\t\t\t<div class=\"elementor-widget-container\">\n\t\t\t\t\t\t\t\t\t<p class=\"p1\">Age Expert \u00e8 la prestigiosa linea di prodotti creata per prevenire e trattare i segni dell'invecchiamento e tutte le imperfezioni della pelle legate al cronoinvecchiamento e al foto-invecchiamento.<\/p>\t\t\t\t\t\t\t\t<\/div>\n\t\t\t\t<\/div>\n\t\t\t\t\t<\/div>\n\t\t\t\t<\/div>\n\t\t<div class=\"elementor-element elementor-element-3946c59 e-flex e-con-boxed elementor-invisible e-con e-parent\" data-id=\"3946c59\" data-element_type=\"container\" data-settings=\"{&quot;animation&quot;:&quot;fadeIn&quot;}\">\n\t\t\t\t\t<div class=\"e-con-inner\">\n\t\t<div class=\"elementor-element elementor-element-d854bcc e-con-full e-flex e-con e-child\" data-id=\"d854bcc\" data-element_type=\"container\">\n\t\t\t\t<div class=\"elementor-element elementor-element-5db70f7 elementor-widget elementor-widget-image\" data-id=\"5db70f7\" data-element_type=\"widget\" data-widget_type=\"image.default\">\n\t\t\t\t<div class=\"elementor-widget-container\">\n\t\t\t\t\t\t\t\t\t\t\t\t\t\t\t<img fetchpriority=\"high\" decoding=\"async\" width=\"850\" height=\"850\" src=\"https:\/\/palazzobenessere.com\/wp-content\/uploads\/2025\/09\/Age-Expert-Anti-Ageing-Serum-copia.jpg\" class=\"attachment-full size-full wp-image-3318\" alt=\"\" srcset=\"https:\/\/palazzobenessere.com\/wp-content\/uploads\/2025\/09\/Age-Expert-Anti-Ageing-Serum-copia.jpg 850w, https:\/\/palazzobenessere.com\/wp-content\/uploads\/2025\/09\/Age-Expert-Anti-Ageing-Serum-copia-300x300.jpg 300w, https:\/\/palazzobenessere.com\/wp-content\/uploads\/2025\/09\/Age-Expert-Anti-Ageing-Serum-copia-150x150.jpg 150w, https:\/\/palazzobenessere.com\/wp-content\/uploads\/2025\/09\/Age-Expert-Anti-Ageing-Serum-copia-768x768.jpg 768w, https:\/\/palazzobenessere.com\/wp-content\/uploads\/2025\/09\/Age-Expert-Anti-Ageing-Serum-copia-12x12.jpg 12w\" sizes=\"(max-width: 850px) 100vw, 850px\" \/>\t\t\t\t\t\t\t\t\t\t\t\t\t\t\t<\/div>\n\t\t\t\t<\/div>\n\t\t\t\t<\/div>\n\t\t<div class=\"elementor-element elementor-element-17260f2 e-con-full e-flex e-con e-child\" data-id=\"17260f2\" data-element_type=\"container\">\n\t\t\t\t<div class=\"elementor-element elementor-element-7471587 elementor-widget elementor-widget-heading\" data-id=\"7471587\" data-element_type=\"widget\" data-widget_type=\"heading.default\">\n\t\t\t\t<div class=\"elementor-widget-container\">\n\t\t\t\t\t<h3 class=\"elementor-heading-title elementor-size-default\">SIERO ANTI AGING<\/h3>\t\t\t\t<\/div>\n\t\t\t\t<\/div>\n\t\t\t\t<div class=\"elementor-element elementor-element-c492354 elementor-widget elementor-widget-heading\" data-id=\"c492354\" data-element_type=\"widget\" data-widget_type=\"heading.default\">\n\t\t\t\t<div class=\"elementor-widget-container\">\n\t\t\t\t\t<h5 class=\"elementor-heading-title elementor-size-default\">GLOBAL ANTI-AGE ACTION THAT IMITATES A \u201cBOTOX\u201d EFFECT, STIMULATES TISSUE REGENERATION AND FIGHTS THE SIGNS OF AGING.<\/h5>\t\t\t\t<\/div>\n\t\t\t\t<\/div>\n\t\t\t\t<div class=\"elementor-element elementor-element-6576c1a elementor-widget elementor-widget-text-editor\" data-id=\"6576c1a\" data-element_type=\"widget\" data-widget_type=\"text-editor.default\">\n\t\t\t\t<div class=\"elementor-widget-container\">\n\t\t\t\t\t\t\t\t\t<p class=\"p1\"><span class=\"s1\">Un siero senza precedenti che imita l'effetto dei trattamenti \"botox\" grazie a potenti rilassanti muscolari, minimizzando le contrazioni muscolari. Un concentrato lifting e idratante contenente Acido Ialuronico ed estratto biologico di Ibisco. La sua texture fresca e idratante si assorbe perfettamente, esaltando la freschezza della pelle.<\/span><\/p>\t\t\t\t\t\t\t\t<\/div>\n\t\t\t\t<\/div>\n\t\t\t\t<div class=\"elementor-element elementor-element-f506d8a elementor-widget elementor-widget-button\" data-id=\"f506d8a\" data-element_type=\"widget\" data-widget_type=\"button.default\">\n\t\t\t\t<div class=\"elementor-widget-container\">\n\t\t\t\t\t\t\t\t\t<div class=\"elementor-button-wrapper\">\n\t\t\t\t\t<a class=\"elementor-button elementor-button-link elementor-size-sm\" href=\"https:\/\/palazzobenessere.com\/it\/products\/age-expert\/anti-aging-serum\/\">\n\t\t\t\t\t\t<span class=\"elementor-button-content-wrapper\">\n\t\t\t\t\t\t\t\t\t<span class=\"elementor-button-text\">DETTAGLI<\/span>\n\t\t\t\t\t<\/span>\n\t\t\t\t\t<\/a>\n\t\t\t\t<\/div>\n\t\t\t\t\t\t\t\t<\/div>\n\t\t\t\t<\/div>\n\t\t\t\t<\/div>\n\t\t\t\t\t<\/div>\n\t\t\t\t<\/div>\n\t\t<div class=\"elementor-element elementor-element-629d300 e-flex e-con-boxed elementor-invisible e-con e-parent\" data-id=\"629d300\" data-element_type=\"container\" data-settings=\"{&quot;animation&quot;:&quot;fadeIn&quot;}\">\n\t\t\t\t\t<div class=\"e-con-inner\">\n\t\t<div class=\"elementor-element elementor-element-2c863fb e-con-full e-flex e-con e-child\" data-id=\"2c863fb\" data-element_type=\"container\">\n\t\t\t\t<div class=\"elementor-element elementor-element-bdd177e elementor-widget elementor-widget-image\" data-id=\"bdd177e\" data-element_type=\"widget\" data-widget_type=\"image.default\">\n\t\t\t\t<div class=\"elementor-widget-container\">\n\t\t\t\t\t\t\t\t\t\t\t\t\t\t\t<img decoding=\"async\" width=\"600\" height=\"600\" src=\"https:\/\/palazzobenessere.com\/wp-content\/uploads\/2025\/09\/CremaAGE_expert_50ml-copia-2.jpg\" class=\"attachment-full size-full wp-image-3088\" alt=\"\" srcset=\"https:\/\/palazzobenessere.com\/wp-content\/uploads\/2025\/09\/CremaAGE_expert_50ml-copia-2.jpg 600w, https:\/\/palazzobenessere.com\/wp-content\/uploads\/2025\/09\/CremaAGE_expert_50ml-copia-2-300x300.jpg 300w, https:\/\/palazzobenessere.com\/wp-content\/uploads\/2025\/09\/CremaAGE_expert_50ml-copia-2-150x150.jpg 150w, https:\/\/palazzobenessere.com\/wp-content\/uploads\/2025\/09\/CremaAGE_expert_50ml-copia-2-12x12.jpg 12w\" sizes=\"(max-width: 600px) 100vw, 600px\" \/>\t\t\t\t\t\t\t\t\t\t\t\t\t\t\t<\/div>\n\t\t\t\t<\/div>\n\t\t\t\t<\/div>\n\t\t<div class=\"elementor-element elementor-element-1eb8991 e-con-full e-flex e-con e-child\" data-id=\"1eb8991\" data-element_type=\"container\">\n\t\t\t\t<div class=\"elementor-element elementor-element-b832f83 elementor-widget elementor-widget-heading\" data-id=\"b832f83\" data-element_type=\"widget\" data-widget_type=\"heading.default\">\n\t\t\t\t<div class=\"elementor-widget-container\">\n\t\t\t\t\t<h3 class=\"elementor-heading-title elementor-size-default\">CREMA ANTI-AGING RICH<\/h3>\t\t\t\t<\/div>\n\t\t\t\t<\/div>\n\t\t\t\t<div class=\"elementor-element elementor-element-1316e36 elementor-widget elementor-widget-heading\" data-id=\"1316e36\" data-element_type=\"widget\" data-widget_type=\"heading.default\">\n\t\t\t\t<div class=\"elementor-widget-container\">\n\t\t\t\t\t<h5 class=\"elementor-heading-title elementor-size-default\">EFFICACIA ANTI-ET\u00c0 TRIPLA: LISCIA LE RUGHE, EFFETTO LIFTING NATURALE, RID\u00c0 VOLUME E NUTRE LA PELLE<\/h5>\t\t\t\t<\/div>\n\t\t\t\t<\/div>\n\t\t\t\t<div class=\"elementor-element elementor-element-bffbb62 elementor-widget elementor-widget-text-editor\" data-id=\"bffbb62\" data-element_type=\"widget\" data-widget_type=\"text-editor.default\">\n\t\t\t\t<div class=\"elementor-widget-container\">\n\t\t\t\t\t\t\t\t\t<p class=\"p1\"><span class=\"s1\">Molto pi\u00f9 di una semplice crema: un vero e proprio trattamento di ringiovanimento. La pelle appare immediatamente pi\u00f9 luminosa e nutrita in profondit\u00e0, grazie alle esclusive cellule staminali di mela, che offrono un potente effetto lifting anti-et\u00e0. La struttura della pelle viene gradualmente restaurata, l'epidermide risulta pi\u00f9 compatta ed elastica.<\/span><\/p>\t\t\t\t\t\t\t\t<\/div>\n\t\t\t\t<\/div>\n\t\t\t\t<div class=\"elementor-element elementor-element-d967dae elementor-widget elementor-widget-button\" data-id=\"d967dae\" data-element_type=\"widget\" data-widget_type=\"button.default\">\n\t\t\t\t<div class=\"elementor-widget-container\">\n\t\t\t\t\t\t\t\t\t<div class=\"elementor-button-wrapper\">\n\t\t\t\t\t<a class=\"elementor-button elementor-button-link elementor-size-sm\" href=\"https:\/\/palazzobenessere.com\/it\/products\/age-expert\/rich-anti-aging-cream\/\">\n\t\t\t\t\t\t<span class=\"elementor-button-content-wrapper\">\n\t\t\t\t\t\t\t\t\t<span class=\"elementor-button-text\">DETTAGLI<\/span>\n\t\t\t\t\t<\/span>\n\t\t\t\t\t<\/a>\n\t\t\t\t<\/div>\n\t\t\t\t\t\t\t\t<\/div>\n\t\t\t\t<\/div>\n\t\t\t\t<\/div>\n\t\t\t\t\t<\/div>\n\t\t\t\t<\/div>\n\t\t<div class=\"elementor-element elementor-element-2bc40e6 e-flex e-con-boxed elementor-invisible e-con e-parent\" data-id=\"2bc40e6\" data-element_type=\"container\" data-settings=\"{&quot;animation&quot;:&quot;fadeIn&quot;}\">\n\t\t\t\t\t<div class=\"e-con-inner\">\n\t\t<div class=\"elementor-element elementor-element-b6889cb e-con-full e-flex e-con e-child\" data-id=\"b6889cb\" data-element_type=\"container\">\n\t\t\t\t<div class=\"elementor-element elementor-element-6426a5f elementor-widget elementor-widget-image\" data-id=\"6426a5f\" data-element_type=\"widget\" data-widget_type=\"image.default\">\n\t\t\t\t<div class=\"elementor-widget-container\">\n\t\t\t\t\t\t\t\t\t\t\t\t\t\t\t<img decoding=\"async\" width=\"850\" height=\"850\" src=\"https:\/\/palazzobenessere.com\/wp-content\/uploads\/2025\/09\/Age-Expert-Intensive-Action-Drops-copia.jpg\" class=\"attachment-full size-full wp-image-3319\" alt=\"\" srcset=\"https:\/\/palazzobenessere.com\/wp-content\/uploads\/2025\/09\/Age-Expert-Intensive-Action-Drops-copia.jpg 850w, https:\/\/palazzobenessere.com\/wp-content\/uploads\/2025\/09\/Age-Expert-Intensive-Action-Drops-copia-300x300.jpg 300w, https:\/\/palazzobenessere.com\/wp-content\/uploads\/2025\/09\/Age-Expert-Intensive-Action-Drops-copia-150x150.jpg 150w, https:\/\/palazzobenessere.com\/wp-content\/uploads\/2025\/09\/Age-Expert-Intensive-Action-Drops-copia-768x768.jpg 768w, https:\/\/palazzobenessere.com\/wp-content\/uploads\/2025\/09\/Age-Expert-Intensive-Action-Drops-copia-12x12.jpg 12w\" sizes=\"(max-width: 850px) 100vw, 850px\" \/>\t\t\t\t\t\t\t\t\t\t\t\t\t\t\t<\/div>\n\t\t\t\t<\/div>\n\t\t\t\t<\/div>\n\t\t<div class=\"elementor-element elementor-element-ad5130f e-con-full e-flex e-con e-child\" data-id=\"ad5130f\" data-element_type=\"container\">\n\t\t\t\t<div class=\"elementor-element elementor-element-10e669b elementor-widget elementor-widget-heading\" data-id=\"10e669b\" data-element_type=\"widget\" data-widget_type=\"heading.default\">\n\t\t\t\t<div class=\"elementor-widget-container\">\n\t\t\t\t\t<h3 class=\"elementor-heading-title elementor-size-default\">GOCCE AD AZIONE INTENSIVA<\/h3>\t\t\t\t<\/div>\n\t\t\t\t<\/div>\n\t\t\t\t<div class=\"elementor-element elementor-element-ef8816a elementor-widget elementor-widget-heading\" data-id=\"ef8816a\" data-element_type=\"widget\" data-widget_type=\"heading.default\">\n\t\t\t\t<div class=\"elementor-widget-container\">\n\t\t\t\t\t<h5 class=\"elementor-heading-title elementor-size-default\">CONCENTRATED BOOSTER WITH AN INTENSE AND\nTARGETED ACTION ON WRINKLES AND EXPRESSION\nLINES. THE SKIN IS MOISTURISED, FIRM, SUPPLE AND\nRADIANT.<\/h5>\t\t\t\t<\/div>\n\t\t\t\t<\/div>\n\t\t\t\t<div class=\"elementor-element elementor-element-23c32db elementor-widget elementor-widget-text-editor\" data-id=\"23c32db\" data-element_type=\"widget\" data-widget_type=\"text-editor.default\">\n\t\t\t\t<div class=\"elementor-widget-container\">\n\t\t\t\t\t\t\t\t\t<p class=\"p1\">Intensive action drops made from natural Bulbine Frutescens Extract and precious active ingredients of natural origin which act on muscular contraction and increase the synthesis of collagen. Dual effect that reduces skin laxity and the formation of wrinkles for an immediate lifting effect.<\/p>\t\t\t\t\t\t\t\t<\/div>\n\t\t\t\t<\/div>\n\t\t\t\t<div class=\"elementor-element elementor-element-8a58c88 elementor-widget elementor-widget-button\" data-id=\"8a58c88\" data-element_type=\"widget\" data-widget_type=\"button.default\">\n\t\t\t\t<div class=\"elementor-widget-container\">\n\t\t\t\t\t\t\t\t\t<div class=\"elementor-button-wrapper\">\n\t\t\t\t\t<a class=\"elementor-button elementor-button-link elementor-size-sm\" href=\"https:\/\/palazzobenessere.com\/it\/products\/age-expert\/age-expert-intensive-action-drops\/\">\n\t\t\t\t\t\t<span class=\"elementor-button-content-wrapper\">\n\t\t\t\t\t\t\t\t\t<span class=\"elementor-button-text\">DETTAGLI<\/span>\n\t\t\t\t\t<\/span>\n\t\t\t\t\t<\/a>\n\t\t\t\t<\/div>\n\t\t\t\t\t\t\t\t<\/div>\n\t\t\t\t<\/div>\n\t\t\t\t<\/div>\n\t\t\t\t\t<\/div>\n\t\t\t\t<\/div>\n\t\t<div class=\"elementor-element elementor-element-30565c1 e-flex e-con-boxed elementor-invisible e-con e-parent\" data-id=\"30565c1\" data-element_type=\"container\" data-settings=\"{&quot;animation&quot;:&quot;fadeIn&quot;}\">\n\t\t\t\t\t<div class=\"e-con-inner\">\n\t\t<div class=\"elementor-element elementor-element-2ce5a83 e-con-full e-flex e-con e-child\" data-id=\"2ce5a83\" data-element_type=\"container\">\n\t\t\t\t<div class=\"elementor-element elementor-element-7797aad elementor-widget elementor-widget-image\" data-id=\"7797aad\" data-element_type=\"widget\" data-widget_type=\"image.default\">\n\t\t\t\t<div class=\"elementor-widget-container\">\n\t\t\t\t\t\t\t\t\t\t\t\t\t\t\t<img loading=\"lazy\" decoding=\"async\" width=\"600\" height=\"600\" src=\"https:\/\/palazzobenessere.com\/wp-content\/uploads\/2025\/09\/AGE_expert_Mask_150-ml-copia-2.jpg\" class=\"attachment-full size-full wp-image-3052\" alt=\"\" srcset=\"https:\/\/palazzobenessere.com\/wp-content\/uploads\/2025\/09\/AGE_expert_Mask_150-ml-copia-2.jpg 600w, https:\/\/palazzobenessere.com\/wp-content\/uploads\/2025\/09\/AGE_expert_Mask_150-ml-copia-2-300x300.jpg 300w, https:\/\/palazzobenessere.com\/wp-content\/uploads\/2025\/09\/AGE_expert_Mask_150-ml-copia-2-150x150.jpg 150w, https:\/\/palazzobenessere.com\/wp-content\/uploads\/2025\/09\/AGE_expert_Mask_150-ml-copia-2-12x12.jpg 12w\" sizes=\"(max-width: 600px) 100vw, 600px\" \/>\t\t\t\t\t\t\t\t\t\t\t\t\t\t\t<\/div>\n\t\t\t\t<\/div>\n\t\t\t\t<\/div>\n\t\t<div class=\"elementor-element elementor-element-e437577 e-con-full e-flex e-con e-child\" data-id=\"e437577\" data-element_type=\"container\">\n\t\t\t\t<div class=\"elementor-element elementor-element-bec9665 elementor-widget elementor-widget-heading\" data-id=\"bec9665\" data-element_type=\"widget\" data-widget_type=\"heading.default\">\n\t\t\t\t<div class=\"elementor-widget-container\">\n\t\t\t\t\t<h3 class=\"elementor-heading-title elementor-size-default\">MASCHERA ANTI-AGE<\/h3>\t\t\t\t<\/div>\n\t\t\t\t<\/div>\n\t\t\t\t<div class=\"elementor-element elementor-element-2b45cf2 elementor-widget elementor-widget-heading\" data-id=\"2b45cf2\" data-element_type=\"widget\" data-widget_type=\"heading.default\">\n\t\t\t\t<div class=\"elementor-widget-container\">\n\t\t\t\t\t<h5 class=\"elementor-heading-title elementor-size-default\">TRATTAMENTO IDRATANTE E ANTI-ET\u00c0 CON EFFETTO RASSODANTE IMMEDIATO: LASCIA LA PELLE MORBIDA, LUMINOSA, LISCIA E IDRATATA<\/h5>\t\t\t\t<\/div>\n\t\t\t\t<\/div>\n\t\t\t\t<div class=\"elementor-element elementor-element-ca8a6e3 elementor-widget elementor-widget-text-editor\" data-id=\"ca8a6e3\" data-element_type=\"widget\" data-widget_type=\"text-editor.default\">\n\t\t\t\t<div class=\"elementor-widget-container\">\n\t\t\t\t\t\t\t\t\t<p class=\"p1\"><span class=\"s1\">Lussuosa maschera in crema contenente un concentrato naturale di Acido Ialuronico, Argilla Rosa, Oli di Argan e di Mandorle dolci,\nBurro di Karit\u00e9 e Vitamina E. Arricchisce la pelle con il suo potere liftante e rassodante, con tutta l'efficacia di un booster.<\/span><\/p>\t\t\t\t\t\t\t\t<\/div>\n\t\t\t\t<\/div>\n\t\t\t\t<div class=\"elementor-element elementor-element-c1462c4 elementor-widget elementor-widget-button\" data-id=\"c1462c4\" data-element_type=\"widget\" data-widget_type=\"button.default\">\n\t\t\t\t<div class=\"elementor-widget-container\">\n\t\t\t\t\t\t\t\t\t<div class=\"elementor-button-wrapper\">\n\t\t\t\t\t<a class=\"elementor-button elementor-button-link elementor-size-sm\" href=\"https:\/\/palazzobenessere.com\/it\/products\/age-expert\/anti-aging-mask\/\">\n\t\t\t\t\t\t<span class=\"elementor-button-content-wrapper\">\n\t\t\t\t\t\t\t\t\t<span class=\"elementor-button-text\">DETTAGLI<\/span>\n\t\t\t\t\t<\/span>\n\t\t\t\t\t<\/a>\n\t\t\t\t<\/div>\n\t\t\t\t\t\t\t\t<\/div>\n\t\t\t\t<\/div>\n\t\t\t\t<\/div>\n\t\t\t\t\t<\/div>\n\t\t\t\t<\/div>\n\t\t<div class=\"elementor-element elementor-element-0dc567e e-flex e-con-boxed e-con e-parent\" data-id=\"0dc567e\" data-element_type=\"container\" data-settings=\"{&quot;background_background&quot;:&quot;classic&quot;}\">\n\t\t\t\t\t<div class=\"e-con-inner\">\n\t\t<div class=\"elementor-element elementor-element-412e8d2 e-con-full e-flex e-con e-child\" data-id=\"412e8d2\" data-element_type=\"container\">\n\t\t\t\t<div class=\"elementor-element elementor-element-01e17e9 elementor-widget elementor-widget-text-editor\" data-id=\"01e17e9\" data-element_type=\"widget\" data-widget_type=\"text-editor.default\">\n\t\t\t\t<div class=\"elementor-widget-container\">\n\t\t\t\t\t\t\t\t\t<p>\u2714<\/p>\t\t\t\t\t\t\t\t<\/div>\n\t\t\t\t<\/div>\n\t\t\t\t<div class=\"elementor-element elementor-element-14afa2a elementor-widget elementor-widget-text-editor\" data-id=\"14afa2a\" data-element_type=\"widget\" data-widget_type=\"text-editor.default\">\n\t\t\t\t<div class=\"elementor-widget-container\">\n\t\t\t\t\t\t\t\t\t<p>TESTATO SU PELLE SENSIBILE<\/p>\t\t\t\t\t\t\t\t<\/div>\n\t\t\t\t<\/div>\n\t\t\t\t<\/div>\n\t\t<div class=\"elementor-element elementor-element-c6dc05a e-con-full e-flex e-con e-child\" data-id=\"c6dc05a\" data-element_type=\"container\">\n\t\t\t\t<div class=\"elementor-element elementor-element-5a58ed1 elementor-widget elementor-widget-text-editor\" data-id=\"5a58ed1\" data-element_type=\"widget\" data-widget_type=\"text-editor.default\">\n\t\t\t\t<div class=\"elementor-widget-container\">\n\t\t\t\t\t\t\t\t\t<p>\u2714<\/p>\t\t\t\t\t\t\t\t<\/div>\n\t\t\t\t<\/div>\n\t\t\t\t<div class=\"elementor-element elementor-element-5aa6338 elementor-widget elementor-widget-text-editor\" data-id=\"5aa6338\" data-element_type=\"widget\" data-widget_type=\"text-editor.default\">\n\t\t\t\t<div class=\"elementor-widget-container\">\n\t\t\t\t\t\t\t\t\t<p>CONTENUTO NATURALE 99%<\/p>\t\t\t\t\t\t\t\t<\/div>\n\t\t\t\t<\/div>\n\t\t\t\t<\/div>\n\t\t<div class=\"elementor-element elementor-element-c46b538 e-con-full e-flex e-con e-child\" data-id=\"c46b538\" data-element_type=\"container\">\n\t\t\t\t<div class=\"elementor-element elementor-element-5ac1098 elementor-widget elementor-widget-text-editor\" data-id=\"5ac1098\" data-element_type=\"widget\" data-widget_type=\"text-editor.default\">\n\t\t\t\t<div class=\"elementor-widget-container\">\n\t\t\t\t\t\t\t\t\t<p>\u2714<\/p>\t\t\t\t\t\t\t\t<\/div>\n\t\t\t\t<\/div>\n\t\t\t\t<div class=\"elementor-element elementor-element-255b0f7 elementor-widget elementor-widget-text-editor\" data-id=\"255b0f7\" data-element_type=\"widget\" data-widget_type=\"text-editor.default\">\n\t\t\t\t<div class=\"elementor-widget-container\">\n\t\t\t\t\t\t\t\t\t<p>NICKEL TESTED<\/p>\t\t\t\t\t\t\t\t<\/div>\n\t\t\t\t<\/div>\n\t\t\t\t<\/div>\n\t\t<div class=\"elementor-element elementor-element-07a7f2d e-con-full e-flex e-con e-child\" data-id=\"07a7f2d\" data-element_type=\"container\">\n\t\t\t\t<div class=\"elementor-element elementor-element-c6de1c4 elementor-widget elementor-widget-text-editor\" data-id=\"c6de1c4\" data-element_type=\"widget\" data-widget_type=\"text-editor.default\">\n\t\t\t\t<div class=\"elementor-widget-container\">\n\t\t\t\t\t\t\t\t\t<p>\u2714<\/p>\t\t\t\t\t\t\t\t<\/div>\n\t\t\t\t<\/div>\n\t\t\t\t<div class=\"elementor-element elementor-element-013c598 elementor-widget elementor-widget-text-editor\" data-id=\"013c598\" data-element_type=\"widget\" data-widget_type=\"text-editor.default\">\n\t\t\t\t<div class=\"elementor-widget-container\">\n\t\t\t\t\t\t\t\t\t<p>VEGAN OK<\/p>\t\t\t\t\t\t\t\t<\/div>\n\t\t\t\t<\/div>\n\t\t\t\t<\/div>\n\t\t<div class=\"elementor-element elementor-element-f4c6ec6 e-con-full e-flex e-con e-child\" data-id=\"f4c6ec6\" data-element_type=\"container\">\n\t\t\t\t<div class=\"elementor-element elementor-element-914c46c elementor-widget elementor-widget-text-editor\" data-id=\"914c46c\" data-element_type=\"widget\" data-widget_type=\"text-editor.default\">\n\t\t\t\t<div class=\"elementor-widget-container\">\n\t\t\t\t\t\t\t\t\t<p>\u2714<\/p>\t\t\t\t\t\t\t\t<\/div>\n\t\t\t\t<\/div>\n\t\t\t\t<div class=\"elementor-element elementor-element-33f840a elementor-widget elementor-widget-text-editor\" data-id=\"33f840a\" data-element_type=\"widget\" data-widget_type=\"text-editor.default\">\n\t\t\t\t<div class=\"elementor-widget-container\">\n\t\t\t\t\t\t\t\t\t<p>TESTATO DERMATOLOGICAMENTE<\/p>\t\t\t\t\t\t\t\t<\/div>\n\t\t\t\t<\/div>\n\t\t\t\t<\/div>\n\t\t<div class=\"elementor-element elementor-element-dce242f e-con-full e-flex e-con e-child\" data-id=\"dce242f\" data-element_type=\"container\">\n\t\t\t\t<div class=\"elementor-element elementor-element-ea1d0a0 elementor-widget elementor-widget-text-editor\" data-id=\"ea1d0a0\" data-element_type=\"widget\" data-widget_type=\"text-editor.default\">\n\t\t\t\t<div class=\"elementor-widget-container\">\n\t\t\t\t\t\t\t\t\t<p>\u2714<\/p>\t\t\t\t\t\t\t\t<\/div>\n\t\t\t\t<\/div>\n\t\t\t\t<div class=\"elementor-element elementor-element-29ca743 elementor-widget elementor-widget-text-editor\" data-id=\"29ca743\" data-element_type=\"widget\" data-widget_type=\"text-editor.default\">\n\t\t\t\t<div class=\"elementor-widget-container\">\n\t\t\t\t\t\t\t\t\t<p>MADE IN ITALY<\/p>\t\t\t\t\t\t\t\t<\/div>\n\t\t\t\t<\/div>\n\t\t\t\t<\/div>\n\t\t\t\t\t<\/div>\n\t\t\t\t<\/div>\n\t\t\t\t<\/div>","protected":false},"excerpt":{"rendered":"<p>AGE EXPERT Age Expert is the prestigious line of products created to prevent and treat the signs of ageing and [&hellip;]<\/p>","protected":false},"author":1,"featured_media":0,"parent":1077,"menu_order":0,"comment_status":"closed","ping_status":"closed","template":"","meta":{"site-sidebar-layout":"no-sidebar","site-content-layout":"","ast-site-content-layout":"full-width-container","site-content-style":"default","site-sidebar-style":"default","ast-global-header-display":"","ast-banner-title-visibility":"","ast-main-header-display":"","ast-hfb-above-header-display":"","ast-hfb-below-header-display":"","ast-hfb-mobile-header-display":"","site-post-title":"disabled","ast-breadcrumbs-content":"","ast-featured-img":"disabled","footer-sml-layout":"","theme-transparent-header-meta":"","adv-header-id-meta":"","stick-header-meta":"","header-above-stick-meta":"","header-main-stick-meta":"","header-below-stick-meta":"","astra-migrate-meta-layouts":"default","ast-page-background-enabled":"default","ast-page-background-meta":{"desktop":{"background-color":"var(--ast-global-color-4)","background-image":"","background-repeat":"repeat","background-position":"center center","background-size":"auto","background-attachment":"scroll","background-type":"","background-media":"","overlay-type":"","overlay-color":"","overlay-opacity":"","overlay-gradient":""},"tablet":{"background-color":"","background-image":"","background-repeat":"repeat","background-position":"center center","background-size":"auto","background-attachment":"scroll","background-type":"","background-media":"","overlay-type":"","overlay-color":"","overlay-opacity":"","overlay-gradient":""},"mobile":{"background-color":"","background-image":"","background-repeat":"repeat","background-position":"center center","background-size":"auto","background-attachment":"scroll","background-type":"","background-media":"","overlay-type":"","overlay-color":"","overlay-opacity":"","overlay-gradient":""}},"ast-content-background-meta":{"desktop":{"background-color":"var(--ast-global-color-5)","background-image":"","background-repeat":"repeat","background-position":"center center","background-size":"auto","background-attachment":"scroll","background-type":"","background-media":"","overlay-type":"","overlay-color":"","overlay-opacity":"","overlay-gradient":""},"tablet":{"background-color":"var(--ast-global-color-5)","background-image":"","background-repeat":"repeat","background-position":"center center","background-size":"auto","background-attachment":"scroll","background-type":"","background-media":"","overlay-type":"","overlay-color":"","overlay-opacity":"","overlay-gradient":""},"mobile":{"background-color":"var(--ast-global-color-5)","background-image":"","background-repeat":"repeat","background-position":"center center","background-size":"auto","background-attachment":"scroll","background-type":"","background-media":"","overlay-type":"","overlay-color":"","overlay-opacity":"","overlay-gradient":""}},"footnotes":""},"class_list":["post-654","page","type-page","status-publish","hentry"],"_links":{"self":[{"href":"https:\/\/palazzobenessere.com\/it\/wp-json\/wp\/v2\/pages\/654","targetHints":{"allow":["GET"]}}],"collection":[{"href":"https:\/\/palazzobenessere.com\/it\/wp-json\/wp\/v2\/pages"}],"about":[{"href":"https:\/\/palazzobenessere.com\/it\/wp-json\/wp\/v2\/types\/page"}],"author":[{"embeddable":true,"href":"https:\/\/palazzobenessere.com\/it\/wp-json\/wp\/v2\/users\/1"}],"replies":[{"embeddable":true,"href":"https:\/\/palazzobenessere.com\/it\/wp-json\/wp\/v2\/comments?post=654"}],"version-history":[{"count":33,"href":"https:\/\/palazzobenessere.com\/it\/wp-json\/wp\/v2\/pages\/654\/revisions"}],"predecessor-version":[{"id":3736,"href":"https:\/\/palazzobenessere.com\/it\/wp-json\/wp\/v2\/pages\/654\/revisions\/3736"}],"up":[{"embeddable":true,"href":"https:\/\/palazzobenessere.com\/it\/wp-json\/wp\/v2\/pages\/1077"}],"wp:attachment":[{"href":"https:\/\/palazzobenessere.com\/it\/wp-json\/wp\/v2\/media?parent=654"}],"curies":[{"name":"wp","href":"https:\/\/api.w.org\/{rel}","templated":true}]}}