{"id":644,"date":"2024-11-18T08:34:49","date_gmt":"2024-11-18T08:34:49","guid":{"rendered":"https:\/\/palazzobenessere.com\/?page_id=644"},"modified":"2025-10-29T16:28:08","modified_gmt":"2025-10-29T16:28:08","slug":"outstanding","status":"publish","type":"page","link":"https:\/\/palazzobenessere.com\/it\/products\/outstanding\/","title":{"rendered":"Outstanding"},"content":{"rendered":"<div data-elementor-type=\"wp-page\" data-elementor-id=\"644\" class=\"elementor elementor-644\">\n\t\t\t\t<div class=\"elementor-element elementor-element-9fab09b e-flex e-con-boxed e-con e-parent\" data-id=\"9fab09b\" data-element_type=\"container\" data-settings=\"{&quot;background_background&quot;:&quot;classic&quot;,&quot;animation&quot;:&quot;none&quot;}\">\n\t\t\t\t\t<div class=\"e-con-inner\">\n\t\t\t\t<div class=\"elementor-element elementor-element-1ab2fe6 elementor-widget elementor-widget-heading\" data-id=\"1ab2fe6\" data-element_type=\"widget\" data-widget_type=\"heading.default\">\n\t\t\t\t<div class=\"elementor-widget-container\">\n\t\t\t\t\t<h1 class=\"elementor-heading-title elementor-size-default\">OUTSTANDING<\/h1>\t\t\t\t<\/div>\n\t\t\t\t<\/div>\n\t\t\t\t<div class=\"elementor-element elementor-element-b6a4286 elementor-widget elementor-widget-text-editor\" data-id=\"b6a4286\" data-element_type=\"widget\" data-widget_type=\"text-editor.default\">\n\t\t\t\t<div class=\"elementor-widget-container\">\n\t\t\t\t\t\t\t\t\t<p class=\"p1\">Le Formulazioni Outstanding sono il risultato\ndi tutti gli studi scientifici a dei laboratori di\nPalazzo Benessere, ispirati alla ricerca di\nsoluzioni efficaci e specifiche per la cura e il\nbenessere del viso.<\/p>\t\t\t\t\t\t\t\t<\/div>\n\t\t\t\t<\/div>\n\t\t\t\t\t<\/div>\n\t\t\t\t<\/div>\n\t\t<div class=\"elementor-element elementor-element-8d85439 e-flex e-con-boxed elementor-invisible e-con e-parent\" data-id=\"8d85439\" data-element_type=\"container\" data-settings=\"{&quot;animation&quot;:&quot;fadeIn&quot;}\">\n\t\t\t\t\t<div class=\"e-con-inner\">\n\t\t<div class=\"elementor-element elementor-element-dad2e54 e-con-full e-flex e-con e-child\" data-id=\"dad2e54\" data-element_type=\"container\">\n\t\t\t\t<div class=\"elementor-element elementor-element-475fd02 elementor-widget elementor-widget-image\" data-id=\"475fd02\" data-element_type=\"widget\" data-widget_type=\"image.default\">\n\t\t\t\t<div class=\"elementor-widget-container\">\n\t\t\t\t\t\t\t\t\t\t\t\t\t\t\t<img fetchpriority=\"high\" decoding=\"async\" width=\"500\" height=\"500\" src=\"https:\/\/palazzobenessere.com\/wp-content\/uploads\/2025\/10\/eye-gel.png\" class=\"attachment-full size-full wp-image-3765\" alt=\"\" srcset=\"https:\/\/palazzobenessere.com\/wp-content\/uploads\/2025\/10\/eye-gel.png 500w, https:\/\/palazzobenessere.com\/wp-content\/uploads\/2025\/10\/eye-gel-300x300.png 300w, https:\/\/palazzobenessere.com\/wp-content\/uploads\/2025\/10\/eye-gel-150x150.png 150w, https:\/\/palazzobenessere.com\/wp-content\/uploads\/2025\/10\/eye-gel-12x12.png 12w\" sizes=\"(max-width: 500px) 100vw, 500px\" \/>\t\t\t\t\t\t\t\t\t\t\t\t\t\t\t<\/div>\n\t\t\t\t<\/div>\n\t\t\t\t<\/div>\n\t\t<div class=\"elementor-element elementor-element-8b9a3a2 e-con-full e-flex e-con e-child\" data-id=\"8b9a3a2\" data-element_type=\"container\">\n\t\t\t\t<div class=\"elementor-element elementor-element-b53d04f elementor-widget elementor-widget-heading\" data-id=\"b53d04f\" data-element_type=\"widget\" data-widget_type=\"heading.default\">\n\t\t\t\t<div class=\"elementor-widget-container\">\n\t\t\t\t\t<h3 class=\"elementor-heading-title elementor-size-default\">SIERO IN GEL OCCHI ANTI-AGE<\/h3>\t\t\t\t<\/div>\n\t\t\t\t<\/div>\n\t\t\t\t<div class=\"elementor-element elementor-element-12cf205 elementor-widget elementor-widget-heading\" data-id=\"12cf205\" data-element_type=\"widget\" data-widget_type=\"heading.default\">\n\t\t\t\t<div class=\"elementor-widget-container\">\n\t\t\t\t\t<h5 class=\"elementor-heading-title elementor-size-default\">SIERO GEL PER IL CONTORNO OCCHI, CON ESTRATTO DI MELA ANNURCA, RIDUCE LE OCCHIAIE E I SEGNI DI STANCHEZZA<\/h5>\t\t\t\t<\/div>\n\t\t\t\t<\/div>\n\t\t\t\t<div class=\"elementor-element elementor-element-7f1a0fb elementor-widget elementor-widget-text-editor\" data-id=\"7f1a0fb\" data-element_type=\"widget\" data-widget_type=\"text-editor.default\">\n\t\t\t\t<div class=\"elementor-widget-container\">\n\t\t\t\t\t\t\t\t\t<p class=\"p1\"><span class=\"s1\">Siero in gel fresco e idratante per il contorno occhi, formulato per ridurre le occhiaie e i segni di stanchezza. L'estratto di Mela Annurca rivitalizza la pelle, mentre il Pantenolo, l'Allantoina e l'Acido Glicirretico calmano e leniscono. Gli estratti di Equiseto e Ginseng migliorano la compattezza e l'elasticit\u00e0, contrastando la perdita di tono. La pelle appare pi\u00f9 luminosa, distesa e\nlenita fin dalle prime applicazioni.\n<\/span><\/p>\t\t\t\t\t\t\t\t<\/div>\n\t\t\t\t<\/div>\n\t\t\t\t<div class=\"elementor-element elementor-element-1ee666e elementor-widget elementor-widget-button\" data-id=\"1ee666e\" data-element_type=\"widget\" data-widget_type=\"button.default\">\n\t\t\t\t<div class=\"elementor-widget-container\">\n\t\t\t\t\t\t\t\t\t<div class=\"elementor-button-wrapper\">\n\t\t\t\t\t<a class=\"elementor-button elementor-button-link elementor-size-sm\" href=\"https:\/\/palazzobenessere.com\/it\/products\/outstanding\/anti-ageing-eye-gel-serum\/\">\n\t\t\t\t\t\t<span class=\"elementor-button-content-wrapper\">\n\t\t\t\t\t\t\t\t\t<span class=\"elementor-button-text\">DETTAGLI<\/span>\n\t\t\t\t\t<\/span>\n\t\t\t\t\t<\/a>\n\t\t\t\t<\/div>\n\t\t\t\t\t\t\t\t<\/div>\n\t\t\t\t<\/div>\n\t\t\t\t<\/div>\n\t\t\t\t\t<\/div>\n\t\t\t\t<\/div>\n\t\t<div class=\"elementor-element elementor-element-c93cbd3 e-flex e-con-boxed elementor-invisible e-con e-parent\" data-id=\"c93cbd3\" data-element_type=\"container\" data-settings=\"{&quot;animation&quot;:&quot;fadeIn&quot;}\">\n\t\t\t\t\t<div class=\"e-con-inner\">\n\t\t<div class=\"elementor-element elementor-element-047fa78 e-con-full e-flex e-con e-child\" data-id=\"047fa78\" data-element_type=\"container\">\n\t\t\t\t<div class=\"elementor-element elementor-element-a989a4c elementor-widget elementor-widget-image\" data-id=\"a989a4c\" data-element_type=\"widget\" data-widget_type=\"image.default\">\n\t\t\t\t<div class=\"elementor-widget-container\">\n\t\t\t\t\t\t\t\t\t\t\t\t\t\t\t<img decoding=\"async\" width=\"500\" height=\"500\" src=\"https:\/\/palazzobenessere.com\/wp-content\/uploads\/2025\/10\/botogen.png\" class=\"attachment-full size-full wp-image-3766\" alt=\"\" srcset=\"https:\/\/palazzobenessere.com\/wp-content\/uploads\/2025\/10\/botogen.png 500w, https:\/\/palazzobenessere.com\/wp-content\/uploads\/2025\/10\/botogen-300x300.png 300w, https:\/\/palazzobenessere.com\/wp-content\/uploads\/2025\/10\/botogen-150x150.png 150w, https:\/\/palazzobenessere.com\/wp-content\/uploads\/2025\/10\/botogen-12x12.png 12w\" sizes=\"(max-width: 500px) 100vw, 500px\" \/>\t\t\t\t\t\t\t\t\t\t\t\t\t\t\t<\/div>\n\t\t\t\t<\/div>\n\t\t\t\t<\/div>\n\t\t<div class=\"elementor-element elementor-element-feb648a e-con-full e-flex e-con e-child\" data-id=\"feb648a\" data-element_type=\"container\">\n\t\t\t\t<div class=\"elementor-element elementor-element-24e3f8e elementor-widget elementor-widget-heading\" data-id=\"24e3f8e\" data-element_type=\"widget\" data-widget_type=\"heading.default\">\n\t\t\t\t<div class=\"elementor-widget-container\">\n\t\t\t\t\t<h3 class=\"elementor-heading-title elementor-size-default\">BOTOGEN BOOSTER ELISIR ANTI-AGE<\/h3>\t\t\t\t<\/div>\n\t\t\t\t<\/div>\n\t\t\t\t<div class=\"elementor-element elementor-element-b359d8d elementor-widget elementor-widget-heading\" data-id=\"b359d8d\" data-element_type=\"widget\" data-widget_type=\"heading.default\">\n\t\t\t\t<div class=\"elementor-widget-container\">\n\t\t\t\t\t<h5 class=\"elementor-heading-title elementor-size-default\">TRATTAMENTO BOOSTER \"BOTOX-LIKE\"; RIMPOLPA, PROTEGGE E STIMOLA LA PRODUZIONE DI NUOVO COLLAGENE<\/h5>\t\t\t\t<\/div>\n\t\t\t\t<\/div>\n\t\t\t\t<div class=\"elementor-element elementor-element-3cccdb5 elementor-widget elementor-widget-text-editor\" data-id=\"3cccdb5\" data-element_type=\"widget\" data-widget_type=\"text-editor.default\">\n\t\t\t\t<div class=\"elementor-widget-container\">\n\t\t\t\t\t\t\t\t\t<p class=\"p1\"><span class=\"s1\">Un gel booster dall'effetto \"botox-like\" e dal tocco setoso, un vero e proprio elisir anti-et\u00e0, formulato con Pumpcoll, fitocollagene vegetale da upcycle, un pool di peptidi focalizzati sulla protezione e sulla stimolazione della sintesi di nuovo\ncollagene ed elastina. Inoltre, amplifica i principi attivi di altri prodotti applicati successivamente nella routine di bellezza.<\/span><\/p>\t\t\t\t\t\t\t\t<\/div>\n\t\t\t\t<\/div>\n\t\t\t\t<div class=\"elementor-element elementor-element-a7ea7a5 elementor-widget elementor-widget-button\" data-id=\"a7ea7a5\" data-element_type=\"widget\" data-widget_type=\"button.default\">\n\t\t\t\t<div class=\"elementor-widget-container\">\n\t\t\t\t\t\t\t\t\t<div class=\"elementor-button-wrapper\">\n\t\t\t\t\t<a class=\"elementor-button elementor-button-link elementor-size-sm\" href=\"https:\/\/palazzobenessere.com\/it\/products\/outstanding\/botogen-booster-anti-ageing-elixir\/\">\n\t\t\t\t\t\t<span class=\"elementor-button-content-wrapper\">\n\t\t\t\t\t\t\t\t\t<span class=\"elementor-button-text\">DETTAGLI<\/span>\n\t\t\t\t\t<\/span>\n\t\t\t\t\t<\/a>\n\t\t\t\t<\/div>\n\t\t\t\t\t\t\t\t<\/div>\n\t\t\t\t<\/div>\n\t\t\t\t<\/div>\n\t\t\t\t\t<\/div>\n\t\t\t\t<\/div>\n\t\t<div class=\"elementor-element elementor-element-38f77d5 e-flex e-con-boxed elementor-invisible e-con e-parent\" data-id=\"38f77d5\" data-element_type=\"container\" data-settings=\"{&quot;animation&quot;:&quot;fadeIn&quot;}\">\n\t\t\t\t\t<div class=\"e-con-inner\">\n\t\t<div class=\"elementor-element elementor-element-ca9c4c3 e-con-full e-flex e-con e-child\" data-id=\"ca9c4c3\" data-element_type=\"container\">\n\t\t\t\t<div class=\"elementor-element elementor-element-173f63c elementor-widget elementor-widget-image\" data-id=\"173f63c\" data-element_type=\"widget\" data-widget_type=\"image.default\">\n\t\t\t\t<div class=\"elementor-widget-container\">\n\t\t\t\t\t\t\t\t\t\t\t\t\t\t\t<img decoding=\"async\" width=\"500\" height=\"500\" src=\"https:\/\/palazzobenessere.com\/wp-content\/uploads\/2025\/10\/botostin.png\" class=\"attachment-full size-full wp-image-3767\" alt=\"\" srcset=\"https:\/\/palazzobenessere.com\/wp-content\/uploads\/2025\/10\/botostin.png 500w, https:\/\/palazzobenessere.com\/wp-content\/uploads\/2025\/10\/botostin-300x300.png 300w, https:\/\/palazzobenessere.com\/wp-content\/uploads\/2025\/10\/botostin-150x150.png 150w, https:\/\/palazzobenessere.com\/wp-content\/uploads\/2025\/10\/botostin-12x12.png 12w\" sizes=\"(max-width: 500px) 100vw, 500px\" \/>\t\t\t\t\t\t\t\t\t\t\t\t\t\t\t<\/div>\n\t\t\t\t<\/div>\n\t\t\t\t<\/div>\n\t\t<div class=\"elementor-element elementor-element-b32ec4d e-con-full e-flex e-con e-child\" data-id=\"b32ec4d\" data-element_type=\"container\">\n\t\t\t\t<div class=\"elementor-element elementor-element-2f33cf1 elementor-widget elementor-widget-heading\" data-id=\"2f33cf1\" data-element_type=\"widget\" data-widget_type=\"heading.default\">\n\t\t\t\t<div class=\"elementor-widget-container\">\n\t\t\t\t\t<h3 class=\"elementor-heading-title elementor-size-default\">BOTOSTIN BOOSTER ELISIR ANTI-AGE<\/h3>\t\t\t\t<\/div>\n\t\t\t\t<\/div>\n\t\t\t\t<div class=\"elementor-element elementor-element-a12c707 elementor-widget elementor-widget-heading\" data-id=\"a12c707\" data-element_type=\"widget\" data-widget_type=\"heading.default\">\n\t\t\t\t<div class=\"elementor-widget-container\">\n\t\t\t\t\t<h5 class=\"elementor-heading-title elementor-size-default\">TRATTAMENTO BOOSTER \"BOTOX-LIKE\"; RENDE LA PELLE PI\u00d9 ELASTICA, IDRATANDOLA IN PROFONDIT\u00c0 E RIDUCENDO LE RUGHE<\/h5>\t\t\t\t<\/div>\n\t\t\t\t<\/div>\n\t\t\t\t<div class=\"elementor-element elementor-element-169f2b3 elementor-widget elementor-widget-text-editor\" data-id=\"169f2b3\" data-element_type=\"widget\" data-widget_type=\"text-editor.default\">\n\t\t\t\t<div class=\"elementor-widget-container\">\n\t\t\t\t\t\t\t\t\t<p class=\"p1\"><span class=\"s1\">Gel booster \"botox-like\" dal tocco setoso, un vero elisir anti-et\u00e0, formulato con estratto di Ulva Lactuca. Idrata in profondit\u00e0, aumenta la resistenza e l'elasticit\u00e0 della pelle. Riduce le rughe\ndel viso causate dalla contrazione dei muscoli di espressione facciali, soprattutto sulla fronte e intorno agli occhi.<\/span><\/p>\t\t\t\t\t\t\t\t<\/div>\n\t\t\t\t<\/div>\n\t\t\t\t<div class=\"elementor-element elementor-element-c0e966e elementor-widget elementor-widget-button\" data-id=\"c0e966e\" data-element_type=\"widget\" data-widget_type=\"button.default\">\n\t\t\t\t<div class=\"elementor-widget-container\">\n\t\t\t\t\t\t\t\t\t<div class=\"elementor-button-wrapper\">\n\t\t\t\t\t<a class=\"elementor-button elementor-button-link elementor-size-sm\" href=\"https:\/\/palazzobenessere.com\/it\/products\/outstanding\/botostin-booster-anti-ageing-elixir\/\">\n\t\t\t\t\t\t<span class=\"elementor-button-content-wrapper\">\n\t\t\t\t\t\t\t\t\t<span class=\"elementor-button-text\">DETTAGLI<\/span>\n\t\t\t\t\t<\/span>\n\t\t\t\t\t<\/a>\n\t\t\t\t<\/div>\n\t\t\t\t\t\t\t\t<\/div>\n\t\t\t\t<\/div>\n\t\t\t\t<\/div>\n\t\t\t\t\t<\/div>\n\t\t\t\t<\/div>\n\t\t<div class=\"elementor-element elementor-element-d0bf718 e-flex e-con-boxed e-con e-parent\" data-id=\"d0bf718\" data-element_type=\"container\" data-settings=\"{&quot;background_background&quot;:&quot;classic&quot;}\">\n\t\t\t\t\t<div class=\"e-con-inner\">\n\t\t<div class=\"elementor-element elementor-element-78a360a e-con-full e-flex e-con e-child\" data-id=\"78a360a\" data-element_type=\"container\">\n\t\t\t\t<div class=\"elementor-element elementor-element-75f6dbb elementor-widget elementor-widget-text-editor\" data-id=\"75f6dbb\" data-element_type=\"widget\" data-widget_type=\"text-editor.default\">\n\t\t\t\t<div class=\"elementor-widget-container\">\n\t\t\t\t\t\t\t\t\t<p>\u2714<\/p>\t\t\t\t\t\t\t\t<\/div>\n\t\t\t\t<\/div>\n\t\t\t\t<div class=\"elementor-element elementor-element-fceabfe elementor-widget elementor-widget-text-editor\" data-id=\"fceabfe\" data-element_type=\"widget\" data-widget_type=\"text-editor.default\">\n\t\t\t\t<div class=\"elementor-widget-container\">\n\t\t\t\t\t\t\t\t\t<p>TESTATO SU PELLE SENSIBILE<\/p>\t\t\t\t\t\t\t\t<\/div>\n\t\t\t\t<\/div>\n\t\t\t\t<\/div>\n\t\t<div class=\"elementor-element elementor-element-6a5cf62 e-con-full e-flex e-con e-child\" data-id=\"6a5cf62\" data-element_type=\"container\">\n\t\t\t\t<div class=\"elementor-element elementor-element-9ec4396 elementor-widget elementor-widget-text-editor\" data-id=\"9ec4396\" data-element_type=\"widget\" data-widget_type=\"text-editor.default\">\n\t\t\t\t<div class=\"elementor-widget-container\">\n\t\t\t\t\t\t\t\t\t<p>\u2714<\/p>\t\t\t\t\t\t\t\t<\/div>\n\t\t\t\t<\/div>\n\t\t\t\t<div class=\"elementor-element elementor-element-008133e elementor-widget elementor-widget-text-editor\" data-id=\"008133e\" data-element_type=\"widget\" data-widget_type=\"text-editor.default\">\n\t\t\t\t<div class=\"elementor-widget-container\">\n\t\t\t\t\t\t\t\t\t<p>CONTENUTO NATURALE 98%<\/p>\t\t\t\t\t\t\t\t<\/div>\n\t\t\t\t<\/div>\n\t\t\t\t<\/div>\n\t\t<div class=\"elementor-element elementor-element-d4521e2 e-con-full e-flex e-con e-child\" data-id=\"d4521e2\" data-element_type=\"container\">\n\t\t\t\t<div class=\"elementor-element elementor-element-ddb29f9 elementor-widget elementor-widget-text-editor\" data-id=\"ddb29f9\" data-element_type=\"widget\" data-widget_type=\"text-editor.default\">\n\t\t\t\t<div class=\"elementor-widget-container\">\n\t\t\t\t\t\t\t\t\t<p>\u2714<\/p>\t\t\t\t\t\t\t\t<\/div>\n\t\t\t\t<\/div>\n\t\t\t\t<div class=\"elementor-element elementor-element-e8bc0fc elementor-widget elementor-widget-text-editor\" data-id=\"e8bc0fc\" data-element_type=\"widget\" data-widget_type=\"text-editor.default\">\n\t\t\t\t<div class=\"elementor-widget-container\">\n\t\t\t\t\t\t\t\t\t<p>NICKEL TESTED<\/p>\t\t\t\t\t\t\t\t<\/div>\n\t\t\t\t<\/div>\n\t\t\t\t<\/div>\n\t\t<div class=\"elementor-element elementor-element-f4c44fe e-con-full e-flex e-con e-child\" data-id=\"f4c44fe\" data-element_type=\"container\">\n\t\t\t\t<div class=\"elementor-element elementor-element-33e0e45 elementor-widget elementor-widget-text-editor\" data-id=\"33e0e45\" data-element_type=\"widget\" data-widget_type=\"text-editor.default\">\n\t\t\t\t<div class=\"elementor-widget-container\">\n\t\t\t\t\t\t\t\t\t<p>\u2714<\/p>\t\t\t\t\t\t\t\t<\/div>\n\t\t\t\t<\/div>\n\t\t\t\t<div class=\"elementor-element elementor-element-467ebb0 elementor-widget elementor-widget-text-editor\" data-id=\"467ebb0\" data-element_type=\"widget\" data-widget_type=\"text-editor.default\">\n\t\t\t\t<div class=\"elementor-widget-container\">\n\t\t\t\t\t\t\t\t\t<p>VEGAN OK<\/p>\t\t\t\t\t\t\t\t<\/div>\n\t\t\t\t<\/div>\n\t\t\t\t<\/div>\n\t\t<div class=\"elementor-element elementor-element-05c0cd6 e-con-full e-flex e-con e-child\" data-id=\"05c0cd6\" data-element_type=\"container\">\n\t\t\t\t<div class=\"elementor-element elementor-element-c0395a6 elementor-widget elementor-widget-text-editor\" data-id=\"c0395a6\" data-element_type=\"widget\" data-widget_type=\"text-editor.default\">\n\t\t\t\t<div class=\"elementor-widget-container\">\n\t\t\t\t\t\t\t\t\t<p>\u2714<\/p>\t\t\t\t\t\t\t\t<\/div>\n\t\t\t\t<\/div>\n\t\t\t\t<div class=\"elementor-element elementor-element-cb842e1 elementor-widget elementor-widget-text-editor\" data-id=\"cb842e1\" data-element_type=\"widget\" data-widget_type=\"text-editor.default\">\n\t\t\t\t<div class=\"elementor-widget-container\">\n\t\t\t\t\t\t\t\t\t<p>TESTATO DERMATOLOGICAMENTE<\/p>\t\t\t\t\t\t\t\t<\/div>\n\t\t\t\t<\/div>\n\t\t\t\t<\/div>\n\t\t<div class=\"elementor-element elementor-element-efbcac3 e-con-full e-flex e-con e-child\" data-id=\"efbcac3\" data-element_type=\"container\">\n\t\t\t\t<div class=\"elementor-element elementor-element-a8db01c elementor-widget elementor-widget-text-editor\" data-id=\"a8db01c\" data-element_type=\"widget\" data-widget_type=\"text-editor.default\">\n\t\t\t\t<div class=\"elementor-widget-container\">\n\t\t\t\t\t\t\t\t\t<p>\u2714<\/p>\t\t\t\t\t\t\t\t<\/div>\n\t\t\t\t<\/div>\n\t\t\t\t<div class=\"elementor-element elementor-element-6867365 elementor-widget elementor-widget-text-editor\" data-id=\"6867365\" data-element_type=\"widget\" data-widget_type=\"text-editor.default\">\n\t\t\t\t<div class=\"elementor-widget-container\">\n\t\t\t\t\t\t\t\t\t<p>MADE IN ITALY<\/p>\t\t\t\t\t\t\t\t<\/div>\n\t\t\t\t<\/div>\n\t\t\t\t<\/div>\n\t\t\t\t\t<\/div>\n\t\t\t\t<\/div>\n\t\t\t\t<\/div>","protected":false},"excerpt":{"rendered":"<p>OUTSTANDING The Oustanding Formulas are the results of all the scientific research of Palazzo Benessere laboratories, inspired by the search [&hellip;]<\/p>","protected":false},"author":1,"featured_media":0,"parent":1077,"menu_order":0,"comment_status":"closed","ping_status":"closed","template":"","meta":{"site-sidebar-layout":"no-sidebar","site-content-layout":"","ast-site-content-layout":"full-width-container","site-content-style":"default","site-sidebar-style":"default","ast-global-header-display":"","ast-banner-title-visibility":"","ast-main-header-display":"","ast-hfb-above-header-display":"","ast-hfb-below-header-display":"","ast-hfb-mobile-header-display":"","site-post-title":"disabled","ast-breadcrumbs-content":"","ast-featured-img":"disabled","footer-sml-layout":"","theme-transparent-header-meta":"","adv-header-id-meta":"","stick-header-meta":"","header-above-stick-meta":"","header-main-stick-meta":"","header-below-stick-meta":"","astra-migrate-meta-layouts":"default","ast-page-background-enabled":"default","ast-page-background-meta":{"desktop":{"background-color":"var(--ast-global-color-4)","background-image":"","background-repeat":"repeat","background-position":"center center","background-size":"auto","background-attachment":"scroll","background-type":"","background-media":"","overlay-type":"","overlay-color":"","overlay-opacity":"","overlay-gradient":""},"tablet":{"background-color":"","background-image":"","background-repeat":"repeat","background-position":"center center","background-size":"auto","background-attachment":"scroll","background-type":"","background-media":"","overlay-type":"","overlay-color":"","overlay-opacity":"","overlay-gradient":""},"mobile":{"background-color":"","background-image":"","background-repeat":"repeat","background-position":"center center","background-size":"auto","background-attachment":"scroll","background-type":"","background-media":"","overlay-type":"","overlay-color":"","overlay-opacity":"","overlay-gradient":""}},"ast-content-background-meta":{"desktop":{"background-color":"var(--ast-global-color-5)","background-image":"","background-repeat":"repeat","background-position":"center center","background-size":"auto","background-attachment":"scroll","background-type":"","background-media":"","overlay-type":"","overlay-color":"","overlay-opacity":"","overlay-gradient":""},"tablet":{"background-color":"var(--ast-global-color-5)","background-image":"","background-repeat":"repeat","background-position":"center center","background-size":"auto","background-attachment":"scroll","background-type":"","background-media":"","overlay-type":"","overlay-color":"","overlay-opacity":"","overlay-gradient":""},"mobile":{"background-color":"var(--ast-global-color-5)","background-image":"","background-repeat":"repeat","background-position":"center center","background-size":"auto","background-attachment":"scroll","background-type":"","background-media":"","overlay-type":"","overlay-color":"","overlay-opacity":"","overlay-gradient":""}},"footnotes":""},"class_list":["post-644","page","type-page","status-publish","hentry"],"_links":{"self":[{"href":"https:\/\/palazzobenessere.com\/it\/wp-json\/wp\/v2\/pages\/644","targetHints":{"allow":["GET"]}}],"collection":[{"href":"https:\/\/palazzobenessere.com\/it\/wp-json\/wp\/v2\/pages"}],"about":[{"href":"https:\/\/palazzobenessere.com\/it\/wp-json\/wp\/v2\/types\/page"}],"author":[{"embeddable":true,"href":"https:\/\/palazzobenessere.com\/it\/wp-json\/wp\/v2\/users\/1"}],"replies":[{"embeddable":true,"href":"https:\/\/palazzobenessere.com\/it\/wp-json\/wp\/v2\/comments?post=644"}],"version-history":[{"count":36,"href":"https:\/\/palazzobenessere.com\/it\/wp-json\/wp\/v2\/pages\/644\/revisions"}],"predecessor-version":[{"id":3770,"href":"https:\/\/palazzobenessere.com\/it\/wp-json\/wp\/v2\/pages\/644\/revisions\/3770"}],"up":[{"embeddable":true,"href":"https:\/\/palazzobenessere.com\/it\/wp-json\/wp\/v2\/pages\/1077"}],"wp:attachment":[{"href":"https:\/\/palazzobenessere.com\/it\/wp-json\/wp\/v2\/media?parent=644"}],"curies":[{"name":"wp","href":"https:\/\/api.w.org\/{rel}","templated":true}]}}