{"id":2271,"date":"2025-07-08T21:18:07","date_gmt":"2025-07-08T21:18:07","guid":{"rendered":"https:\/\/palazzobenessere.com\/?page_id=2271"},"modified":"2025-10-10T09:58:40","modified_gmt":"2025-10-10T09:58:40","slug":"whitening-fluid","status":"publish","type":"page","link":"https:\/\/palazzobenessere.com\/it\/products\/white-bright\/whitening-fluid\/","title":{"rendered":"Whitening Fluid"},"content":{"rendered":"<div data-elementor-type=\"wp-page\" data-elementor-id=\"2271\" class=\"elementor elementor-2271\">\n\t\t\t\t<div class=\"elementor-element elementor-element-3dcd825 e-flex e-con-boxed e-con e-parent\" data-id=\"3dcd825\" data-element_type=\"container\" data-settings=\"{&quot;background_background&quot;:&quot;classic&quot;}\">\n\t\t\t\t\t<div class=\"e-con-inner\">\n\t\t\t\t<div class=\"elementor-element elementor-element-8e1b84e elementor-widget elementor-widget-text-editor\" data-id=\"8e1b84e\" data-element_type=\"widget\" data-widget_type=\"text-editor.default\">\n\t\t\t\t<div class=\"elementor-widget-container\">\n\t\t\t\t\t\t\t\t\t<p class=\"p1\">WHITE BRIGHT<\/p>\t\t\t\t\t\t\t\t<\/div>\n\t\t\t\t<\/div>\n\t\t\t\t<div class=\"elementor-element elementor-element-a19c0ce elementor-widget elementor-widget-heading\" data-id=\"a19c0ce\" data-element_type=\"widget\" data-widget_type=\"heading.default\">\n\t\t\t\t<div class=\"elementor-widget-container\">\n\t\t\t\t\t<h1 class=\"elementor-heading-title elementor-size-default\">FLUIDO SCHIARENTE<\/h1>\t\t\t\t<\/div>\n\t\t\t\t<\/div>\n\t\t\t\t<div class=\"elementor-element elementor-element-07fb493 elementor-widget elementor-widget-text-editor\" data-id=\"07fb493\" data-element_type=\"widget\" data-widget_type=\"text-editor.default\">\n\t\t\t\t<div class=\"elementor-widget-container\">\n\t\t\t\t\t\t\t\t\t<p class=\"p1\"><span class=\"s1\">FORMULA INNOVATIVA CHE RIDUCE VISIBILMENTE LE MACCHIE, DONANDO UN ASPETTO PI\u00d9 UNIFORME E LUMINOSO.<\/span><\/p>\t\t\t\t\t\t\t\t<\/div>\n\t\t\t\t<\/div>\n\t\t\t\t\t<\/div>\n\t\t\t\t<\/div>\n\t\t<div class=\"elementor-element elementor-element-0f91d18 e-flex e-con-boxed e-con e-parent\" data-id=\"0f91d18\" data-element_type=\"container\">\n\t\t\t\t\t<div class=\"e-con-inner\">\n\t\t<div class=\"elementor-element elementor-element-2ffca87 e-con-full e-flex e-con e-child\" data-id=\"2ffca87\" data-element_type=\"container\">\n\t\t\t\t<div class=\"elementor-element elementor-element-d59925e elementor-widget elementor-widget-image\" data-id=\"d59925e\" data-element_type=\"widget\" data-widget_type=\"image.default\">\n\t\t\t\t<div class=\"elementor-widget-container\">\n\t\t\t\t\t\t\t\t\t\t\t\t\t\t\t<img fetchpriority=\"high\" decoding=\"async\" width=\"600\" height=\"600\" src=\"https:\/\/palazzobenessere.com\/wp-content\/uploads\/2025\/09\/White-Bright_Whitening-Fluid-200-ml-Box-copia-2.jpg\" class=\"attachment-full size-full wp-image-3074\" alt=\"\" srcset=\"https:\/\/palazzobenessere.com\/wp-content\/uploads\/2025\/09\/White-Bright_Whitening-Fluid-200-ml-Box-copia-2.jpg 600w, https:\/\/palazzobenessere.com\/wp-content\/uploads\/2025\/09\/White-Bright_Whitening-Fluid-200-ml-Box-copia-2-300x300.jpg 300w, https:\/\/palazzobenessere.com\/wp-content\/uploads\/2025\/09\/White-Bright_Whitening-Fluid-200-ml-Box-copia-2-150x150.jpg 150w, https:\/\/palazzobenessere.com\/wp-content\/uploads\/2025\/09\/White-Bright_Whitening-Fluid-200-ml-Box-copia-2-12x12.jpg 12w\" sizes=\"(max-width: 600px) 100vw, 600px\" \/>\t\t\t\t\t\t\t\t\t\t\t\t\t\t\t<\/div>\n\t\t\t\t<\/div>\n\t\t<div class=\"elementor-element elementor-element-5c4785e e-con-full e-flex e-con e-child\" data-id=\"5c4785e\" data-element_type=\"container\" data-settings=\"{&quot;background_background&quot;:&quot;classic&quot;}\">\n\t\t<div class=\"elementor-element elementor-element-e12ed21 e-con-full e-flex e-con e-child\" data-id=\"e12ed21\" data-element_type=\"container\">\n\t\t\t\t<div class=\"elementor-element elementor-element-e84fdea elementor-widget elementor-widget-text-editor\" data-id=\"e84fdea\" data-element_type=\"widget\" data-widget_type=\"text-editor.default\">\n\t\t\t\t<div class=\"elementor-widget-container\">\n\t\t\t\t\t\t\t\t\t<p>\u2714<\/p>\t\t\t\t\t\t\t\t<\/div>\n\t\t\t\t<\/div>\n\t\t\t\t<div class=\"elementor-element elementor-element-e7444bd elementor-widget elementor-widget-text-editor\" data-id=\"e7444bd\" data-element_type=\"widget\" data-widget_type=\"text-editor.default\">\n\t\t\t\t<div class=\"elementor-widget-container\">\n\t\t\t\t\t\t\t\t\t<p>TESTATO SU PELLE SENSIBILE<\/p>\t\t\t\t\t\t\t\t<\/div>\n\t\t\t\t<\/div>\n\t\t\t\t<\/div>\n\t\t<div class=\"elementor-element elementor-element-890dfd0 e-con-full e-flex e-con e-child\" data-id=\"890dfd0\" data-element_type=\"container\">\n\t\t\t\t<div class=\"elementor-element elementor-element-9abbe7e elementor-widget elementor-widget-text-editor\" data-id=\"9abbe7e\" data-element_type=\"widget\" data-widget_type=\"text-editor.default\">\n\t\t\t\t<div class=\"elementor-widget-container\">\n\t\t\t\t\t\t\t\t\t<p>\u2714<\/p>\t\t\t\t\t\t\t\t<\/div>\n\t\t\t\t<\/div>\n\t\t\t\t<div class=\"elementor-element elementor-element-147a600 elementor-widget elementor-widget-text-editor\" data-id=\"147a600\" data-element_type=\"widget\" data-widget_type=\"text-editor.default\">\n\t\t\t\t<div class=\"elementor-widget-container\">\n\t\t\t\t\t\t\t\t\t<p>CONTENUTO NATURALE 93%<\/p>\t\t\t\t\t\t\t\t<\/div>\n\t\t\t\t<\/div>\n\t\t\t\t<\/div>\n\t\t\t\t<\/div>\n\t\t\t\t<\/div>\n\t\t<div class=\"elementor-element elementor-element-32d613e e-con-full e-flex e-con e-child\" data-id=\"32d613e\" data-element_type=\"container\">\n\t\t\t\t<div class=\"elementor-element elementor-element-dd4c45f elementor-widget elementor-widget-heading\" data-id=\"dd4c45f\" data-element_type=\"widget\" data-widget_type=\"heading.default\">\n\t\t\t\t<div class=\"elementor-widget-container\">\n\t\t\t\t\t<h6 class=\"elementor-heading-title elementor-size-default\"><b>DESCRIZIONE<\/b><\/h6>\t\t\t\t<\/div>\n\t\t\t\t<\/div>\n\t\t\t\t<div class=\"elementor-element elementor-element-e07fc01 elementor-widget elementor-widget-text-editor\" data-id=\"e07fc01\" data-element_type=\"widget\" data-widget_type=\"text-editor.default\">\n\t\t\t\t<div class=\"elementor-widget-container\">\n\t\t\t\t\t\t\t\t\t<p class=\"p1\"><span class=\"s1\">Fluido schiarente, \u00e8 il secondo passo essenziale della detersione, particolarmente indicato per le pelli iperpigmentate. Non solo prepara la pelle ai trattamenti successivi, ma agisce anche per uniformare il tono cutaneo, avviando il processo di riduzione delle macchie di pigmento.<\/span><\/p>\t\t\t\t\t\t\t\t<\/div>\n\t\t\t\t<\/div>\n\t\t\t\t<div class=\"elementor-element elementor-element-1281045 elementor-widget elementor-widget-heading\" data-id=\"1281045\" data-element_type=\"widget\" data-widget_type=\"heading.default\">\n\t\t\t\t<div class=\"elementor-widget-container\">\n\t\t\t\t\t<h6 class=\"elementor-heading-title elementor-size-default\"><b>PUNTI DI FORZA<\/b><\/h6>\t\t\t\t<\/div>\n\t\t\t\t<\/div>\n\t\t\t\t<div class=\"elementor-element elementor-element-30ae6d8 elementor-widget elementor-widget-text-editor\" data-id=\"30ae6d8\" data-element_type=\"widget\" data-widget_type=\"text-editor.default\">\n\t\t\t\t<div class=\"elementor-widget-container\">\n\t\t\t\t\t\t\t\t\t<ul>\n \t<li class=\"p1\"><span class=\"s1\">Effetto schiarente a pi\u00f9 livelli<\/span><\/li>\n \t<li class=\"p1\"><span class=\"s1\">Effetto fotoprotettivo<\/span><\/li>\n \t<li class=\"p1\"><span class=\"s1\">Effetto liscio, luminoso e uniforme<\/span><\/li>\n \t<li class=\"p1\"><span class=\"s1\">Migliora la funzione di barriera proteggendo dai raggi UV <\/span><\/li>\n<\/ul>\n\t\t\t\t\t\t\t\t<\/div>\n\t\t\t\t<\/div>\n\t\t\t\t<div class=\"elementor-element elementor-element-45c30ac elementor-widget elementor-widget-heading\" data-id=\"45c30ac\" data-element_type=\"widget\" data-widget_type=\"heading.default\">\n\t\t\t\t<div class=\"elementor-widget-container\">\n\t\t\t\t\t<h6 class=\"elementor-heading-title elementor-size-default\"><b>INGREDIENTI ATTIVI<\/b><\/h6>\t\t\t\t<\/div>\n\t\t\t\t<\/div>\n\t\t\t\t<div class=\"elementor-element elementor-element-e310652 elementor-widget elementor-widget-text-editor\" data-id=\"e310652\" data-element_type=\"widget\" data-widget_type=\"text-editor.default\">\n\t\t\t\t<div class=\"elementor-widget-container\">\n\t\t\t\t\t\t\t\t\t<p class=\"p1\"><strong><span class=\"s1\">DERIVATI DALL'ACIDO AZELAICO<\/span><\/strong><\/p>\n<p class=\"p2\"><span class=\"s1\">Illumina l'incarnato gi\u00e0 dopo 3 settimane. Riduce\nl'iperpigmentazione delle macchie melaniche. Combatte il colorito spento favorendo una maggiore luminosit\u00e0. Sebo-equilibrante.\nMigliora l'elasticit\u00e0.<\/span><\/p>\n<p class=\"p1\"><strong><span class=\"s1\">ACIDO MALICO<\/span><\/strong><\/p>\n<p class=\"p2\"><span class=\"s1\">La sua azione acantolitica diminuisce l'adesione tra i corneociti e assottiglia lo strato corneo, favorendo la rapida eliminazione dei\ncorneociti pigmentati, con conseguente effetto schiarente e aumento della luminosit\u00e0 cutanea.<\/span><\/p>\n<p class=\"p2\"><strong>TOCOFEROLO<\/strong><\/p>\n<p class=\"p2\"><span class=\"s1\">Potente antiossidante, protegge le membrane cellulari e favorisce il rinnovamento cellulare.<\/span><\/p>\n<p class=\"p1\"><strong><span class=\"s1\">PANTENOLO<\/span><\/strong><\/p>\n<p class=\"p2\"><span class=\"s1\">Oltre alle note propriet\u00e0 idratanti, il pantenolo \u00e8 indicato anche per la sua attivit\u00e0 emolliente, riepitelizzante e lenitiva.<\/span><\/p>\t\t\t\t\t\t\t\t<\/div>\n\t\t\t\t<\/div>\n\t\t\t\t<div class=\"elementor-element elementor-element-85d1164 elementor-widget elementor-widget-heading\" data-id=\"85d1164\" data-element_type=\"widget\" data-widget_type=\"heading.default\">\n\t\t\t\t<div class=\"elementor-widget-container\">\n\t\t\t\t\t<h6 class=\"elementor-heading-title elementor-size-default\"><b>ISTRUZIONI PER L'USO<\/b><\/h6>\t\t\t\t<\/div>\n\t\t\t\t<\/div>\n\t\t\t\t<div class=\"elementor-element elementor-element-686a7a1 elementor-widget elementor-widget-text-editor\" data-id=\"686a7a1\" data-element_type=\"widget\" data-widget_type=\"text-editor.default\">\n\t\t\t\t<div class=\"elementor-widget-container\">\n\t\t\t\t\t\t\t\t\t<p class=\"p1\"><span class=\"s1\">Dopo ogni pulizia, applicare sul palmo delle mani e stendere delicatamente su viso, collo e d\u00e9collet\u00e9.<\/span><\/p><p class=\"p1\"><span class=\"s1\">200ml &#8211; Art. 10F07005G<\/span><\/p>\t\t\t\t\t\t\t\t<\/div>\n\t\t\t\t<\/div>\n\t\t\t\t<div class=\"elementor-element elementor-element-cad7c8b elementor-widget elementor-widget-heading\" data-id=\"cad7c8b\" data-element_type=\"widget\" data-widget_type=\"heading.default\">\n\t\t\t\t<div class=\"elementor-widget-container\">\n\t\t\t\t\t<h6 class=\"elementor-heading-title elementor-size-default\"><b>INCI<\/b><\/h6>\t\t\t\t<\/div>\n\t\t\t\t<\/div>\n\t\t\t\t<div class=\"elementor-element elementor-element-7a29105 elementor-widget elementor-widget-text-editor\" data-id=\"7a29105\" data-element_type=\"widget\" data-widget_type=\"text-editor.default\">\n\t\t\t\t<div class=\"elementor-widget-container\">\n\t\t\t\t\t\t\t\t\t<p class=\"p1\"><span class=\"s1\">Aqua (Water), Potassium azeloyl diglycinate, Pentylene glycol, Glycerin,\nPanthenol, Malic acid, Benzyl alcohol, Potassium sorbate, Chlorphenesin,\nParfum (Fragrance), Hydroxyacetophenone, Phenoxyethanol, Tetramethyl\nacetyloctahydronaphthalenes, Hexamethylindanopyran, Coumarin, Vanillin,\nTocopherol.<\/span><\/p>\t\t\t\t\t\t\t\t<\/div>\n\t\t\t\t<\/div>\n\t\t\t\t<\/div>\n\t\t\t\t\t<\/div>\n\t\t\t\t<\/div>\n\t\t\t\t<\/div>","protected":false},"excerpt":{"rendered":"<p>WHITE BRIGHT WHITENING FLUID INNOVATIVE FORMULA THAT VISIBLY REDUCES DARK SPOTS, GIVING A SMOOTHER, BRIGHTER AND MORE UNIFORM APPEARANCE \u2714 [&hellip;]<\/p>","protected":false},"author":1,"featured_media":0,"parent":662,"menu_order":0,"comment_status":"closed","ping_status":"closed","template":"","meta":{"site-sidebar-layout":"no-sidebar","site-content-layout":"","ast-site-content-layout":"full-width-container","site-content-style":"default","site-sidebar-style":"default","ast-global-header-display":"","ast-banner-title-visibility":"","ast-main-header-display":"","ast-hfb-above-header-display":"","ast-hfb-below-header-display":"","ast-hfb-mobile-header-display":"","site-post-title":"disabled","ast-breadcrumbs-content":"","ast-featured-img":"disabled","footer-sml-layout":"","theme-transparent-header-meta":"","adv-header-id-meta":"","stick-header-meta":"","header-above-stick-meta":"","header-main-stick-meta":"","header-below-stick-meta":"","astra-migrate-meta-layouts":"default","ast-page-background-enabled":"default","ast-page-background-meta":{"desktop":{"background-color":"var(--ast-global-color-4)","background-image":"","background-repeat":"repeat","background-position":"center center","background-size":"auto","background-attachment":"scroll","background-type":"","background-media":"","overlay-type":"","overlay-color":"","overlay-opacity":"","overlay-gradient":""},"tablet":{"background-color":"","background-image":"","background-repeat":"repeat","background-position":"center center","background-size":"auto","background-attachment":"scroll","background-type":"","background-media":"","overlay-type":"","overlay-color":"","overlay-opacity":"","overlay-gradient":""},"mobile":{"background-color":"","background-image":"","background-repeat":"repeat","background-position":"center center","background-size":"auto","background-attachment":"scroll","background-type":"","background-media":"","overlay-type":"","overlay-color":"","overlay-opacity":"","overlay-gradient":""}},"ast-content-background-meta":{"desktop":{"background-color":"var(--ast-global-color-5)","background-image":"","background-repeat":"repeat","background-position":"center center","background-size":"auto","background-attachment":"scroll","background-type":"","background-media":"","overlay-type":"","overlay-color":"","overlay-opacity":"","overlay-gradient":""},"tablet":{"background-color":"var(--ast-global-color-5)","background-image":"","background-repeat":"repeat","background-position":"center center","background-size":"auto","background-attachment":"scroll","background-type":"","background-media":"","overlay-type":"","overlay-color":"","overlay-opacity":"","overlay-gradient":""},"mobile":{"background-color":"var(--ast-global-color-5)","background-image":"","background-repeat":"repeat","background-position":"center center","background-size":"auto","background-attachment":"scroll","background-type":"","background-media":"","overlay-type":"","overlay-color":"","overlay-opacity":"","overlay-gradient":""}},"footnotes":""},"class_list":["post-2271","page","type-page","status-publish","hentry"],"_links":{"self":[{"href":"https:\/\/palazzobenessere.com\/it\/wp-json\/wp\/v2\/pages\/2271","targetHints":{"allow":["GET"]}}],"collection":[{"href":"https:\/\/palazzobenessere.com\/it\/wp-json\/wp\/v2\/pages"}],"about":[{"href":"https:\/\/palazzobenessere.com\/it\/wp-json\/wp\/v2\/types\/page"}],"author":[{"embeddable":true,"href":"https:\/\/palazzobenessere.com\/it\/wp-json\/wp\/v2\/users\/1"}],"replies":[{"embeddable":true,"href":"https:\/\/palazzobenessere.com\/it\/wp-json\/wp\/v2\/comments?post=2271"}],"version-history":[{"count":13,"href":"https:\/\/palazzobenessere.com\/it\/wp-json\/wp\/v2\/pages\/2271\/revisions"}],"predecessor-version":[{"id":3452,"href":"https:\/\/palazzobenessere.com\/it\/wp-json\/wp\/v2\/pages\/2271\/revisions\/3452"}],"up":[{"embeddable":true,"href":"https:\/\/palazzobenessere.com\/it\/wp-json\/wp\/v2\/pages\/662"}],"wp:attachment":[{"href":"https:\/\/palazzobenessere.com\/it\/wp-json\/wp\/v2\/media?parent=2271"}],"curies":[{"name":"wp","href":"https:\/\/api.w.org\/{rel}","templated":true}]}}