{"id":2268,"date":"2025-07-08T20:38:25","date_gmt":"2025-07-08T20:38:25","guid":{"rendered":"https:\/\/palazzobenessere.com\/?page_id=2268"},"modified":"2025-09-18T10:30:25","modified_gmt":"2025-09-18T10:30:25","slug":"anti-aging-mask","status":"publish","type":"page","link":"https:\/\/palazzobenessere.com\/it\/products\/age-expert\/anti-aging-mask\/","title":{"rendered":"Anti-Aging Mask"},"content":{"rendered":"<div data-elementor-type=\"wp-page\" data-elementor-id=\"2268\" class=\"elementor elementor-2268\">\n\t\t\t\t<div class=\"elementor-element elementor-element-69fcae2 e-con-full e-flex e-con e-parent\" data-id=\"69fcae2\" data-element_type=\"container\" data-settings=\"{&quot;background_background&quot;:&quot;classic&quot;}\">\n\t\t\t\t<div class=\"elementor-element elementor-element-3f6149c elementor-widget elementor-widget-text-editor\" data-id=\"3f6149c\" data-element_type=\"widget\" data-widget_type=\"text-editor.default\">\n\t\t\t\t<div class=\"elementor-widget-container\">\n\t\t\t\t\t\t\t\t\t<p class=\"p1\">AGE EXPERT<\/p>\t\t\t\t\t\t\t\t<\/div>\n\t\t\t\t<\/div>\n\t\t\t\t<div class=\"elementor-element elementor-element-982a639 elementor-widget elementor-widget-heading\" data-id=\"982a639\" data-element_type=\"widget\" data-widget_type=\"heading.default\">\n\t\t\t\t<div class=\"elementor-widget-container\">\n\t\t\t\t\t<h1 class=\"elementor-heading-title elementor-size-default\">MASCHERA ANTI-AGE<\/h1>\t\t\t\t<\/div>\n\t\t\t\t<\/div>\n\t\t\t\t<div class=\"elementor-element elementor-element-9f3e887 elementor-widget elementor-widget-text-editor\" data-id=\"9f3e887\" data-element_type=\"widget\" data-widget_type=\"text-editor.default\">\n\t\t\t\t<div class=\"elementor-widget-container\">\n\t\t\t\t\t\t\t\t\t<p class=\"p1\"><span class=\"s1\">TRATTAMENTO IDRATANTE E ANTI-ET\u00c0 CON EFFETTO RASSODANTE IMMEDIATO: LASCIA LA PELLE MORBIDA, LUMINOSA, LISCIA E IDRATATA.<br\/>LEAVES\nTHE SKIN SOFT, RADIANT, SMOOTH AND\nMOISTURISED<\/span><\/p>\t\t\t\t\t\t\t\t<\/div>\n\t\t\t\t<\/div>\n\t\t\t\t<\/div>\n\t\t<div class=\"elementor-element elementor-element-85ab25e e-flex e-con-boxed e-con e-parent\" data-id=\"85ab25e\" data-element_type=\"container\">\n\t\t\t\t\t<div class=\"e-con-inner\">\n\t\t<div class=\"elementor-element elementor-element-4f2c3e4 e-con-full e-flex e-con e-child\" data-id=\"4f2c3e4\" data-element_type=\"container\">\n\t\t\t\t<div class=\"elementor-element elementor-element-e96d7e4 elementor-widget elementor-widget-image\" data-id=\"e96d7e4\" data-element_type=\"widget\" data-widget_type=\"image.default\">\n\t\t\t\t<div class=\"elementor-widget-container\">\n\t\t\t\t\t\t\t\t\t\t\t\t\t\t\t<img fetchpriority=\"high\" decoding=\"async\" width=\"600\" height=\"600\" src=\"https:\/\/palazzobenessere.com\/wp-content\/uploads\/2025\/09\/AGE_expert_Mask_150-ml-copia-2.jpg\" class=\"attachment-full size-full wp-image-3052\" alt=\"\" srcset=\"https:\/\/palazzobenessere.com\/wp-content\/uploads\/2025\/09\/AGE_expert_Mask_150-ml-copia-2.jpg 600w, https:\/\/palazzobenessere.com\/wp-content\/uploads\/2025\/09\/AGE_expert_Mask_150-ml-copia-2-300x300.jpg 300w, https:\/\/palazzobenessere.com\/wp-content\/uploads\/2025\/09\/AGE_expert_Mask_150-ml-copia-2-150x150.jpg 150w, https:\/\/palazzobenessere.com\/wp-content\/uploads\/2025\/09\/AGE_expert_Mask_150-ml-copia-2-12x12.jpg 12w\" sizes=\"(max-width: 600px) 100vw, 600px\" \/>\t\t\t\t\t\t\t\t\t\t\t\t\t\t\t<\/div>\n\t\t\t\t<\/div>\n\t\t<div class=\"elementor-element elementor-element-e3718a4 e-con-full e-flex e-con e-child\" data-id=\"e3718a4\" data-element_type=\"container\" data-settings=\"{&quot;background_background&quot;:&quot;classic&quot;}\">\n\t\t<div class=\"elementor-element elementor-element-c2dae81 e-con-full e-flex e-con e-child\" data-id=\"c2dae81\" data-element_type=\"container\">\n\t\t\t\t<div class=\"elementor-element elementor-element-0e951c5 elementor-widget elementor-widget-text-editor\" data-id=\"0e951c5\" data-element_type=\"widget\" data-widget_type=\"text-editor.default\">\n\t\t\t\t<div class=\"elementor-widget-container\">\n\t\t\t\t\t\t\t\t\t<p>\u2714<\/p>\t\t\t\t\t\t\t\t<\/div>\n\t\t\t\t<\/div>\n\t\t\t\t<div class=\"elementor-element elementor-element-425e6d1 elementor-widget elementor-widget-text-editor\" data-id=\"425e6d1\" data-element_type=\"widget\" data-widget_type=\"text-editor.default\">\n\t\t\t\t<div class=\"elementor-widget-container\">\n\t\t\t\t\t\t\t\t\t<p>TESTATO SU PELLE SENSIBILE<\/p>\t\t\t\t\t\t\t\t<\/div>\n\t\t\t\t<\/div>\n\t\t\t\t<\/div>\n\t\t<div class=\"elementor-element elementor-element-23c3c6d e-con-full e-flex e-con e-child\" data-id=\"23c3c6d\" data-element_type=\"container\">\n\t\t\t\t<div class=\"elementor-element elementor-element-44688c4 elementor-widget elementor-widget-text-editor\" data-id=\"44688c4\" data-element_type=\"widget\" data-widget_type=\"text-editor.default\">\n\t\t\t\t<div class=\"elementor-widget-container\">\n\t\t\t\t\t\t\t\t\t<p>\u2714<\/p>\t\t\t\t\t\t\t\t<\/div>\n\t\t\t\t<\/div>\n\t\t\t\t<div class=\"elementor-element elementor-element-73403a2 elementor-widget elementor-widget-text-editor\" data-id=\"73403a2\" data-element_type=\"widget\" data-widget_type=\"text-editor.default\">\n\t\t\t\t<div class=\"elementor-widget-container\">\n\t\t\t\t\t\t\t\t\t<p>CONTENUTO NATURALE 96%<\/p>\t\t\t\t\t\t\t\t<\/div>\n\t\t\t\t<\/div>\n\t\t\t\t<\/div>\n\t\t\t\t<\/div>\n\t\t\t\t<\/div>\n\t\t<div class=\"elementor-element elementor-element-7edfdc8 e-con-full e-flex e-con e-child\" data-id=\"7edfdc8\" data-element_type=\"container\">\n\t\t\t\t<div class=\"elementor-element elementor-element-f9d28aa elementor-widget elementor-widget-heading\" data-id=\"f9d28aa\" data-element_type=\"widget\" data-widget_type=\"heading.default\">\n\t\t\t\t<div class=\"elementor-widget-container\">\n\t\t\t\t\t<h6 class=\"elementor-heading-title elementor-size-default\"><b>DESCRIZIONE<\/b><\/h6>\t\t\t\t<\/div>\n\t\t\t\t<\/div>\n\t\t\t\t<div class=\"elementor-element elementor-element-5d141db elementor-widget elementor-widget-text-editor\" data-id=\"5d141db\" data-element_type=\"widget\" data-widget_type=\"text-editor.default\">\n\t\t\t\t<div class=\"elementor-widget-container\">\n\t\t\t\t\t\t\t\t\t<p class=\"p1\"><span class=\"s1\">Lussuosa maschera in crema contenente un concentrato naturale di Acido Ialuronico, Argilla Rosa, Oli di Argan e di Mandorle dolci,\nBurro di Karit\u00e9 e Vitamina E. Arricchisce la pelle con il suo potere liftante e rassodante, con tutta l'efficacia di un booster.<\/span><\/p>\t\t\t\t\t\t\t\t<\/div>\n\t\t\t\t<\/div>\n\t\t\t\t<div class=\"elementor-element elementor-element-c16874c elementor-widget elementor-widget-heading\" data-id=\"c16874c\" data-element_type=\"widget\" data-widget_type=\"heading.default\">\n\t\t\t\t<div class=\"elementor-widget-container\">\n\t\t\t\t\t<h6 class=\"elementor-heading-title elementor-size-default\"><b>PUNTI DI FORZA<\/b><\/h6>\t\t\t\t<\/div>\n\t\t\t\t<\/div>\n\t\t\t\t<div class=\"elementor-element elementor-element-896c0c2 elementor-widget elementor-widget-text-editor\" data-id=\"896c0c2\" data-element_type=\"widget\" data-widget_type=\"text-editor.default\">\n\t\t\t\t<div class=\"elementor-widget-container\">\n\t\t\t\t\t\t\t\t\t<ul>\n \t<li class=\"p1\"><span class=\"s1\">Effetto lifting<\/span><\/li>\n \t<li class=\"p1\"><span class=\"s1\">Funzione anti-aging<\/span><\/li>\n \t<li class=\"p1\"><span class=\"s1\">La pelle \u00e8 pi\u00f9 soda e nutrita in profondit\u00e0<\/span><\/li>\n<\/ul>\t\t\t\t\t\t\t\t<\/div>\n\t\t\t\t<\/div>\n\t\t\t\t<div class=\"elementor-element elementor-element-b59e37f elementor-widget elementor-widget-heading\" data-id=\"b59e37f\" data-element_type=\"widget\" data-widget_type=\"heading.default\">\n\t\t\t\t<div class=\"elementor-widget-container\">\n\t\t\t\t\t<h6 class=\"elementor-heading-title elementor-size-default\"><b>INGREDIENTI ATTIVI<\/b><\/h6>\t\t\t\t<\/div>\n\t\t\t\t<\/div>\n\t\t\t\t<div class=\"elementor-element elementor-element-1d55424 elementor-widget elementor-widget-text-editor\" data-id=\"1d55424\" data-element_type=\"widget\" data-widget_type=\"text-editor.default\">\n\t\t\t\t<div class=\"elementor-widget-container\">\n\t\t\t\t\t\t\t\t\t<p class=\"p1\"><strong><span class=\"s1\">BETAINA<\/span><\/strong><\/p>\n<p class=\"p1\"><span class=\"s1\">Aminoacido ottenuto dalla lavorazione della Barbabietola da Zucchero, le sue propriet\u00e0 aumentano l'idratazione e migliorano la barriera cutanea.<\/span><\/p>\n<p class=\"p1\"><strong><span class=\"s1\">ACIDO IALURONICO AD ALTO PESO MOLECOLARE<\/span><\/strong><\/p>\n<p class=\"p1\"><span class=\"s1\">Idrata e protegge i tessuti. Aumenta la resistenza, la compattezza e l'elasticit\u00e0 della pelle.<\/span><\/p>\n<p class=\"p1\"><strong><span class=\"s1\">ARGILLA ROSA<\/span><\/strong><\/p>\n<p class=\"p1\"><span class=\"s1\">Ricca di minerali, Silice e Ossido di Ferro, agisce riparando il tessuto connettivo.<\/span><\/p>\n<p class=\"p1\"><strong><span class=\"s1\">OLI DI ARGAN E MANDORLE DOLCI<\/span><\/strong><\/p>\n<p class=\"p1\"><span class=\"s1\">Lenitivi, emollienti, idratanti ed elasticizzanti. Eccellenti propriet\u00e0 anti-et\u00e0 e anti-rughe.<\/span><\/p>\n<p class=\"p1\"><strong><span class=\"s1\">VITAMINA E<\/span><\/strong><\/p>\n<p class=\"p1\"><span class=\"s1\">Antiossidante, ripara i danni causati dall'esposizione ai raggi solari, al fumo di sigaretta e all'inquinamento atmosferico.<\/span><\/p>\t\t\t\t\t\t\t\t<\/div>\n\t\t\t\t<\/div>\n\t\t\t\t<div class=\"elementor-element elementor-element-485d73c elementor-widget elementor-widget-heading\" data-id=\"485d73c\" data-element_type=\"widget\" data-widget_type=\"heading.default\">\n\t\t\t\t<div class=\"elementor-widget-container\">\n\t\t\t\t\t<h6 class=\"elementor-heading-title elementor-size-default\"><b>ISTRUZIONI PER L'USO<\/b><\/h6>\t\t\t\t<\/div>\n\t\t\t\t<\/div>\n\t\t\t\t<div class=\"elementor-element elementor-element-82ef05a elementor-widget elementor-widget-text-editor\" data-id=\"82ef05a\" data-element_type=\"widget\" data-widget_type=\"text-editor.default\">\n\t\t\t\t<div class=\"elementor-widget-container\">\n\t\t\t\t\t\t\t\t\t<p class=\"p1\"><span class=\"s1\">Applicare sulla pelle pulita e asciutta. Stendere su viso, collo e d\u00e9collet\u00e9 con la punta delle dita o con un pennello. Lasciare agire per 20-30 minuti per far assorbire i nutrienti della maschera. Rimuovere\ncon acqua e applicare la crema.<\/span><\/p>\n<p class=\"p1\"><span class=\"s1\">150ml &#8211; Art. 10F03020T<\/span><\/p>\t\t\t\t\t\t\t\t<\/div>\n\t\t\t\t<\/div>\n\t\t\t\t<div class=\"elementor-element elementor-element-8e51498 elementor-widget elementor-widget-heading\" data-id=\"8e51498\" data-element_type=\"widget\" data-widget_type=\"heading.default\">\n\t\t\t\t<div class=\"elementor-widget-container\">\n\t\t\t\t\t<h6 class=\"elementor-heading-title elementor-size-default\"><b>INCI<\/b><\/h6>\t\t\t\t<\/div>\n\t\t\t\t<\/div>\n\t\t\t\t<div class=\"elementor-element elementor-element-93437a0 elementor-widget elementor-widget-text-editor\" data-id=\"93437a0\" data-element_type=\"widget\" data-widget_type=\"text-editor.default\">\n\t\t\t\t<div class=\"elementor-widget-container\">\n\t\t\t\t\t\t\t\t\t<p class=\"p1\"><span class=\"s1\">Aqua, Glyceryl Stearate Citrate, Butyrospermum Parkii Butter, Ethylhexyl Palmitate, Glycerin, Montmorillonite, Caprylic\/Capric Triglyceride, Olus Oil, Propanediol, Cetyl Alcohol, Prunus Amygdalus Dulcis Oil, Argania Spinosa Kernel Oil, Betaine, Hydroxyacetophenone, Hydrogenated Vegetable Oil, Candelilla Cera, Parfum, 1,2-Hexanediol, Caprylyl Glycol, Xanthan Gum, Sodium Hyaluronate, Helianthus Annuus Seed Oil, Tocopherol, Beta-Sitosterol, Squalene<\/span><\/p>\t\t\t\t\t\t\t\t<\/div>\n\t\t\t\t<\/div>\n\t\t\t\t<\/div>\n\t\t\t\t\t<\/div>\n\t\t\t\t<\/div>\n\t\t\t\t<\/div>","protected":false},"excerpt":{"rendered":"<p>AGE EXPERT ANTI-AGING MASK MOISTURISING AND ANTI-AGING TREATMENT WITH AN IMMEDIATE FIRMING EFFECT:LEAVES THE SKIN SOFT, RADIANT, SMOOTH AND MOISTURISED [&hellip;]<\/p>","protected":false},"author":1,"featured_media":0,"parent":654,"menu_order":0,"comment_status":"closed","ping_status":"closed","template":"","meta":{"site-sidebar-layout":"no-sidebar","site-content-layout":"","ast-site-content-layout":"full-width-container","site-content-style":"default","site-sidebar-style":"default","ast-global-header-display":"","ast-banner-title-visibility":"","ast-main-header-display":"","ast-hfb-above-header-display":"","ast-hfb-below-header-display":"","ast-hfb-mobile-header-display":"","site-post-title":"disabled","ast-breadcrumbs-content":"","ast-featured-img":"disabled","footer-sml-layout":"","theme-transparent-header-meta":"","adv-header-id-meta":"","stick-header-meta":"","header-above-stick-meta":"","header-main-stick-meta":"","header-below-stick-meta":"","astra-migrate-meta-layouts":"default","ast-page-background-enabled":"default","ast-page-background-meta":{"desktop":{"background-color":"var(--ast-global-color-4)","background-image":"","background-repeat":"repeat","background-position":"center center","background-size":"auto","background-attachment":"scroll","background-type":"","background-media":"","overlay-type":"","overlay-color":"","overlay-opacity":"","overlay-gradient":""},"tablet":{"background-color":"","background-image":"","background-repeat":"repeat","background-position":"center center","background-size":"auto","background-attachment":"scroll","background-type":"","background-media":"","overlay-type":"","overlay-color":"","overlay-opacity":"","overlay-gradient":""},"mobile":{"background-color":"","background-image":"","background-repeat":"repeat","background-position":"center center","background-size":"auto","background-attachment":"scroll","background-type":"","background-media":"","overlay-type":"","overlay-color":"","overlay-opacity":"","overlay-gradient":""}},"ast-content-background-meta":{"desktop":{"background-color":"var(--ast-global-color-5)","background-image":"","background-repeat":"repeat","background-position":"center center","background-size":"auto","background-attachment":"scroll","background-type":"","background-media":"","overlay-type":"","overlay-color":"","overlay-opacity":"","overlay-gradient":""},"tablet":{"background-color":"var(--ast-global-color-5)","background-image":"","background-repeat":"repeat","background-position":"center center","background-size":"auto","background-attachment":"scroll","background-type":"","background-media":"","overlay-type":"","overlay-color":"","overlay-opacity":"","overlay-gradient":""},"mobile":{"background-color":"var(--ast-global-color-5)","background-image":"","background-repeat":"repeat","background-position":"center center","background-size":"auto","background-attachment":"scroll","background-type":"","background-media":"","overlay-type":"","overlay-color":"","overlay-opacity":"","overlay-gradient":""}},"footnotes":""},"class_list":["post-2268","page","type-page","status-publish","hentry"],"_links":{"self":[{"href":"https:\/\/palazzobenessere.com\/it\/wp-json\/wp\/v2\/pages\/2268","targetHints":{"allow":["GET"]}}],"collection":[{"href":"https:\/\/palazzobenessere.com\/it\/wp-json\/wp\/v2\/pages"}],"about":[{"href":"https:\/\/palazzobenessere.com\/it\/wp-json\/wp\/v2\/types\/page"}],"author":[{"embeddable":true,"href":"https:\/\/palazzobenessere.com\/it\/wp-json\/wp\/v2\/users\/1"}],"replies":[{"embeddable":true,"href":"https:\/\/palazzobenessere.com\/it\/wp-json\/wp\/v2\/comments?post=2268"}],"version-history":[{"count":10,"href":"https:\/\/palazzobenessere.com\/it\/wp-json\/wp\/v2\/pages\/2268\/revisions"}],"predecessor-version":[{"id":3129,"href":"https:\/\/palazzobenessere.com\/it\/wp-json\/wp\/v2\/pages\/2268\/revisions\/3129"}],"up":[{"embeddable":true,"href":"https:\/\/palazzobenessere.com\/it\/wp-json\/wp\/v2\/pages\/654"}],"wp:attachment":[{"href":"https:\/\/palazzobenessere.com\/it\/wp-json\/wp\/v2\/media?parent=2268"}],"curies":[{"name":"wp","href":"https:\/\/api.w.org\/{rel}","templated":true}]}}