{"id":1359,"date":"2024-12-11T10:06:31","date_gmt":"2024-12-11T10:06:31","guid":{"rendered":"https:\/\/palazzobenessere.com\/?page_id=1359"},"modified":"2025-10-10T10:01:29","modified_gmt":"2025-10-10T10:01:29","slug":"whitening-cream-spf-30","status":"publish","type":"page","link":"https:\/\/palazzobenessere.com\/it\/products\/white-bright\/whitening-cream-spf-30\/","title":{"rendered":"Whitening Cream SPF 30"},"content":{"rendered":"<div data-elementor-type=\"wp-page\" data-elementor-id=\"1359\" class=\"elementor elementor-1359\">\n\t\t\t\t<div class=\"elementor-element elementor-element-3dcd825 e-con-full e-flex e-con e-parent\" data-id=\"3dcd825\" data-element_type=\"container\" data-settings=\"{&quot;background_background&quot;:&quot;classic&quot;}\">\n\t\t\t\t<div class=\"elementor-element elementor-element-8e1b84e elementor-widget elementor-widget-text-editor\" data-id=\"8e1b84e\" data-element_type=\"widget\" data-widget_type=\"text-editor.default\">\n\t\t\t\t<div class=\"elementor-widget-container\">\n\t\t\t\t\t\t\t\t\t<p class=\"p1\">WHITE BRIGHT<\/p>\t\t\t\t\t\t\t\t<\/div>\n\t\t\t\t<\/div>\n\t\t\t\t<div class=\"elementor-element elementor-element-a19c0ce elementor-widget elementor-widget-heading\" data-id=\"a19c0ce\" data-element_type=\"widget\" data-widget_type=\"heading.default\">\n\t\t\t\t<div class=\"elementor-widget-container\">\n\t\t\t\t\t<h1 class=\"elementor-heading-title elementor-size-default\">CREMA SCHIARENTE SPF 30<\/h1>\t\t\t\t<\/div>\n\t\t\t\t<\/div>\n\t\t\t\t<div class=\"elementor-element elementor-element-07fb493 elementor-widget elementor-widget-text-editor\" data-id=\"07fb493\" data-element_type=\"widget\" data-widget_type=\"text-editor.default\">\n\t\t\t\t<div class=\"elementor-widget-container\">\n\t\t\t\t\t\t\t\t\t<p class=\"p1\"><span class=\"s1\">FORMULA INNOVATIVA CHE RIDUCE VISIBILMENTE LE MACCHIE, DONANDO UN ASPETTO PI\u00d9 UNIFORME E LUMINOSO.<\/span><\/p>\t\t\t\t\t\t\t\t<\/div>\n\t\t\t\t<\/div>\n\t\t\t\t<\/div>\n\t\t<div class=\"elementor-element elementor-element-0f91d18 e-flex e-con-boxed e-con e-parent\" data-id=\"0f91d18\" data-element_type=\"container\">\n\t\t\t\t\t<div class=\"e-con-inner\">\n\t\t<div class=\"elementor-element elementor-element-2ffca87 e-con-full e-flex e-con e-child\" data-id=\"2ffca87\" data-element_type=\"container\">\n\t\t\t\t<div class=\"elementor-element elementor-element-d59925e elementor-widget elementor-widget-image\" data-id=\"d59925e\" data-element_type=\"widget\" data-widget_type=\"image.default\">\n\t\t\t\t<div class=\"elementor-widget-container\">\n\t\t\t\t\t\t\t\t\t\t\t\t\t\t\t<img fetchpriority=\"high\" decoding=\"async\" width=\"600\" height=\"600\" src=\"https:\/\/palazzobenessere.com\/wp-content\/uploads\/2025\/09\/WHITE_CREAM_Whitening-Cream-Spf-30_50ml-copiabox-copia-2.jpg\" class=\"attachment-full size-full wp-image-3077\" alt=\"\" srcset=\"https:\/\/palazzobenessere.com\/wp-content\/uploads\/2025\/09\/WHITE_CREAM_Whitening-Cream-Spf-30_50ml-copiabox-copia-2.jpg 600w, https:\/\/palazzobenessere.com\/wp-content\/uploads\/2025\/09\/WHITE_CREAM_Whitening-Cream-Spf-30_50ml-copiabox-copia-2-300x300.jpg 300w, https:\/\/palazzobenessere.com\/wp-content\/uploads\/2025\/09\/WHITE_CREAM_Whitening-Cream-Spf-30_50ml-copiabox-copia-2-150x150.jpg 150w, https:\/\/palazzobenessere.com\/wp-content\/uploads\/2025\/09\/WHITE_CREAM_Whitening-Cream-Spf-30_50ml-copiabox-copia-2-12x12.jpg 12w\" sizes=\"(max-width: 600px) 100vw, 600px\" \/>\t\t\t\t\t\t\t\t\t\t\t\t\t\t\t<\/div>\n\t\t\t\t<\/div>\n\t\t<div class=\"elementor-element elementor-element-5fe964a e-con-full e-flex e-con e-child\" data-id=\"5fe964a\" data-element_type=\"container\" data-settings=\"{&quot;background_background&quot;:&quot;classic&quot;}\">\n\t\t<div class=\"elementor-element elementor-element-3091642 e-con-full e-flex e-con e-child\" data-id=\"3091642\" data-element_type=\"container\">\n\t\t\t\t<div class=\"elementor-element elementor-element-7ac24a2 elementor-widget elementor-widget-text-editor\" data-id=\"7ac24a2\" data-element_type=\"widget\" data-widget_type=\"text-editor.default\">\n\t\t\t\t<div class=\"elementor-widget-container\">\n\t\t\t\t\t\t\t\t\t<p>\u2714<\/p>\t\t\t\t\t\t\t\t<\/div>\n\t\t\t\t<\/div>\n\t\t\t\t<div class=\"elementor-element elementor-element-0bb7428 elementor-widget elementor-widget-text-editor\" data-id=\"0bb7428\" data-element_type=\"widget\" data-widget_type=\"text-editor.default\">\n\t\t\t\t<div class=\"elementor-widget-container\">\n\t\t\t\t\t\t\t\t\t<p>TESTATO SU PELLE SENSIBILE<\/p>\t\t\t\t\t\t\t\t<\/div>\n\t\t\t\t<\/div>\n\t\t\t\t<\/div>\n\t\t<div class=\"elementor-element elementor-element-1aa2a8d e-con-full e-flex e-con e-child\" data-id=\"1aa2a8d\" data-element_type=\"container\">\n\t\t\t\t<div class=\"elementor-element elementor-element-4dd1d0b elementor-widget elementor-widget-text-editor\" data-id=\"4dd1d0b\" data-element_type=\"widget\" data-widget_type=\"text-editor.default\">\n\t\t\t\t<div class=\"elementor-widget-container\">\n\t\t\t\t\t\t\t\t\t<p>\u2714<\/p>\t\t\t\t\t\t\t\t<\/div>\n\t\t\t\t<\/div>\n\t\t\t\t<div class=\"elementor-element elementor-element-72a6b24 elementor-widget elementor-widget-text-editor\" data-id=\"72a6b24\" data-element_type=\"widget\" data-widget_type=\"text-editor.default\">\n\t\t\t\t<div class=\"elementor-widget-container\">\n\t\t\t\t\t\t\t\t\t<p>CONTENUTO NATURALE 75%<\/p>\t\t\t\t\t\t\t\t<\/div>\n\t\t\t\t<\/div>\n\t\t\t\t<\/div>\n\t\t\t\t<\/div>\n\t\t\t\t<\/div>\n\t\t<div class=\"elementor-element elementor-element-32d613e e-con-full e-flex e-con e-child\" data-id=\"32d613e\" data-element_type=\"container\">\n\t\t\t\t<div class=\"elementor-element elementor-element-dd4c45f elementor-widget elementor-widget-heading\" data-id=\"dd4c45f\" data-element_type=\"widget\" data-widget_type=\"heading.default\">\n\t\t\t\t<div class=\"elementor-widget-container\">\n\t\t\t\t\t<h6 class=\"elementor-heading-title elementor-size-default\"><b>DESCRIZIONE<\/b><\/h6>\t\t\t\t<\/div>\n\t\t\t\t<\/div>\n\t\t\t\t<div class=\"elementor-element elementor-element-e07fc01 elementor-widget elementor-widget-text-editor\" data-id=\"e07fc01\" data-element_type=\"widget\" data-widget_type=\"text-editor.default\">\n\t\t\t\t<div class=\"elementor-widget-container\">\n\t\t\t\t\t\t\t\t\t<p class=\"p1\"><span class=\"s1\">Crema viso schiarente con SPF 30. Grazie ai suoi principi attivi depigmentanti, \u00e8 ideale per trattare la pelle con iperpigmentazione, come macchie solari, macchie dell'et\u00e0 e lentiggini senili. Riduce le macchie e dona alla pelle luminosit\u00e0 e\nuniformit\u00e0.<\/span><\/p>\t\t\t\t\t\t\t\t<\/div>\n\t\t\t\t<\/div>\n\t\t\t\t<div class=\"elementor-element elementor-element-1281045 elementor-widget elementor-widget-heading\" data-id=\"1281045\" data-element_type=\"widget\" data-widget_type=\"heading.default\">\n\t\t\t\t<div class=\"elementor-widget-container\">\n\t\t\t\t\t<h6 class=\"elementor-heading-title elementor-size-default\"><b>PUNTI DI FORZA<\/b><\/h6>\t\t\t\t<\/div>\n\t\t\t\t<\/div>\n\t\t\t\t<div class=\"elementor-element elementor-element-30ae6d8 elementor-widget elementor-widget-text-editor\" data-id=\"30ae6d8\" data-element_type=\"widget\" data-widget_type=\"text-editor.default\">\n\t\t\t\t<div class=\"elementor-widget-container\">\n\t\t\t\t\t\t\t\t\t<ul>\n \t<li class=\"p1\"><span class=\"s1\">Protegge la pelle<\/span><\/li>\n \t<li class=\"p1\"><span class=\"s1\">Effetto depigmentante<\/span><\/li>\n \t<li class=\"p1\"><span class=\"s1\">Dona luminosit\u00e0 alla pelle, contribuendo a un aspetto sano e radioso<\/span><\/li>\n \t<li class=\"p1\"><span class=\"s1\">Uniforma il tono della pelle<\/span><\/li>\n<\/ul>\t\t\t\t\t\t\t\t<\/div>\n\t\t\t\t<\/div>\n\t\t\t\t<div class=\"elementor-element elementor-element-45c30ac elementor-widget elementor-widget-heading\" data-id=\"45c30ac\" data-element_type=\"widget\" data-widget_type=\"heading.default\">\n\t\t\t\t<div class=\"elementor-widget-container\">\n\t\t\t\t\t<h6 class=\"elementor-heading-title elementor-size-default\"><b>INGREDIENTI ATTIVI<\/b><\/h6>\t\t\t\t<\/div>\n\t\t\t\t<\/div>\n\t\t\t\t<div class=\"elementor-element elementor-element-e310652 elementor-widget elementor-widget-text-editor\" data-id=\"e310652\" data-element_type=\"widget\" data-widget_type=\"text-editor.default\">\n\t\t\t\t<div class=\"elementor-widget-container\">\n\t\t\t\t\t\t\t\t\t<p class=\"p1\"><strong><span class=\"s1\">ESTRATTO OTTENUTO PER BIOLIQUEFAZIONE ENZIMATICA DEI FIORI DI VERBASCO<\/span><\/strong><\/p>\n<p class=\"p2\"><span class=\"s1\">\u00c8 in grado di assorbire le radiazioni UV potenzialmente dannose e di trasformarle in una nuova fonte, dando l'effetto di una \"pelle che emette luce\". Ha anche propriet\u00e0 anti-radicali liberi.<\/span><\/p>\n<p class=\"p1\"><strong><span class=\"s1\">VITAMINA C STABILIZZATA<\/span><\/strong><\/p>\n<p class=\"p2\"><span class=\"s1\">Potente antiossidante in vivo e antiradicali liberi. Riduce l'aspetto delle macchie cutanee. Stimola la produzione di collagene e aumenta la compattezza della pelle.<\/span><\/p>\n<p class=\"p2\"><strong>OLIO DI SESAMO<\/strong><\/p>\n<p class=\"p2\"><span class=\"s1\">Emolliente con discreta capacit\u00e0 filtrante nei confronti dei raggi UV.<\/span><\/p>\n<p class=\"p1\"><strong><span class=\"s1\">GLUTATIONE<\/span><\/strong><\/p>\n<p class=\"p2\"><span class=\"s1\">Potente antiossidante endogeno<\/span><\/p>\t\t\t\t\t\t\t\t<\/div>\n\t\t\t\t<\/div>\n\t\t\t\t<div class=\"elementor-element elementor-element-85d1164 elementor-widget elementor-widget-heading\" data-id=\"85d1164\" data-element_type=\"widget\" data-widget_type=\"heading.default\">\n\t\t\t\t<div class=\"elementor-widget-container\">\n\t\t\t\t\t<h6 class=\"elementor-heading-title elementor-size-default\"><b>ISTRUZIONI PER L'USO<\/b><\/h6>\t\t\t\t<\/div>\n\t\t\t\t<\/div>\n\t\t\t\t<div class=\"elementor-element elementor-element-686a7a1 elementor-widget elementor-widget-text-editor\" data-id=\"686a7a1\" data-element_type=\"widget\" data-widget_type=\"text-editor.default\">\n\t\t\t\t<div class=\"elementor-widget-container\">\n\t\t\t\t\t\t\t\t\t<p class=\"p1\"><span class=\"s1\">Apply with a light massage until completely absorption on<br \/>the face, neck and d\u00e9collet\u00e9.<\/span><\/p><p class=\"p1\"><span class=\"s1\">50ml &#8211; Art. 10F07020L<\/span><\/p>\t\t\t\t\t\t\t\t<\/div>\n\t\t\t\t<\/div>\n\t\t\t\t<div class=\"elementor-element elementor-element-8f53a3e elementor-widget elementor-widget-heading\" data-id=\"8f53a3e\" data-element_type=\"widget\" data-widget_type=\"heading.default\">\n\t\t\t\t<div class=\"elementor-widget-container\">\n\t\t\t\t\t<h6 class=\"elementor-heading-title elementor-size-default\"><b>INCI<\/b><\/h6>\t\t\t\t<\/div>\n\t\t\t\t<\/div>\n\t\t\t\t<div class=\"elementor-element elementor-element-88ce393 elementor-widget elementor-widget-text-editor\" data-id=\"88ce393\" data-element_type=\"widget\" data-widget_type=\"text-editor.default\">\n\t\t\t\t<div class=\"elementor-widget-container\">\n\t\t\t\t\t\t\t\t\t<p class=\"p1\"><span class=\"s1\">Aqua, Ethylhexyl methoxycinnamate, Ethylhexyl salicylate, Glycerin,\nBisethylhexyloxyphenol methoxyphenyl triazine, Diethylamino\nhydroxybenzoyl hexyl benzoate, Ethylhexyl stearate, Glyceryl\nstearate, Polyglyceryl-3 stearate, Octocrylene, Butyl\nmethoxydibenzoylmethane, Sodium ascorbyl phosphate,\nBenzophenone-3, Hydrolyzed Verbascum thapsus flower, Lecithin,\nIsohexadecane, Citric acid, Glutathione, Titanium dioxide, Sorbitan\noleate, Ascorbyl palmitate, Tocopherol, Dimethicone,\nPhenoxyethanol, Sunflower seed oil polyglyceryl-4 esters, Cetearyl\nalcohol, Sodium acrylates copolymer, Chlorphenesin, Parfum,\nSodium acrylate\/sodium acryloyldimethyl taurate copolymer,\nDehydroxanthan gum, Ethylhexylglycerin, Disodium EDTA,\no-Cymen-5-ol, Polysorbate 80, Mica, Vanillin, Sodium benzoate,\nCinnamyl alcohol, Potassium sorbate, Geranyl acetate, Cedrus\natlantica oil\/extract, Tetramethyl acetyloctahydronaphthalenes,\nHexamethylindanopyran, Coumarin.<\/span><\/p>\t\t\t\t\t\t\t\t<\/div>\n\t\t\t\t<\/div>\n\t\t\t\t<\/div>\n\t\t\t\t\t<\/div>\n\t\t\t\t<\/div>\n\t\t\t\t<\/div>","protected":false},"excerpt":{"rendered":"<p>WHITE BRIGHT WHITENING CREAM SPF 30 INNOVATIVE FORMULA THAT VISIBLY REDUCES DARK SPOTS, GIVING A SMOOTHER, BRIGHTER AND MORE UNIFORM [&hellip;]<\/p>","protected":false},"author":1,"featured_media":0,"parent":662,"menu_order":0,"comment_status":"closed","ping_status":"closed","template":"","meta":{"site-sidebar-layout":"no-sidebar","site-content-layout":"","ast-site-content-layout":"full-width-container","site-content-style":"default","site-sidebar-style":"default","ast-global-header-display":"","ast-banner-title-visibility":"","ast-main-header-display":"","ast-hfb-above-header-display":"","ast-hfb-below-header-display":"","ast-hfb-mobile-header-display":"","site-post-title":"disabled","ast-breadcrumbs-content":"","ast-featured-img":"disabled","footer-sml-layout":"","theme-transparent-header-meta":"","adv-header-id-meta":"","stick-header-meta":"","header-above-stick-meta":"","header-main-stick-meta":"","header-below-stick-meta":"","astra-migrate-meta-layouts":"default","ast-page-background-enabled":"default","ast-page-background-meta":{"desktop":{"background-color":"var(--ast-global-color-4)","background-image":"","background-repeat":"repeat","background-position":"center center","background-size":"auto","background-attachment":"scroll","background-type":"","background-media":"","overlay-type":"","overlay-color":"","overlay-opacity":"","overlay-gradient":""},"tablet":{"background-color":"","background-image":"","background-repeat":"repeat","background-position":"center center","background-size":"auto","background-attachment":"scroll","background-type":"","background-media":"","overlay-type":"","overlay-color":"","overlay-opacity":"","overlay-gradient":""},"mobile":{"background-color":"","background-image":"","background-repeat":"repeat","background-position":"center center","background-size":"auto","background-attachment":"scroll","background-type":"","background-media":"","overlay-type":"","overlay-color":"","overlay-opacity":"","overlay-gradient":""}},"ast-content-background-meta":{"desktop":{"background-color":"var(--ast-global-color-5)","background-image":"","background-repeat":"repeat","background-position":"center center","background-size":"auto","background-attachment":"scroll","background-type":"","background-media":"","overlay-type":"","overlay-color":"","overlay-opacity":"","overlay-gradient":""},"tablet":{"background-color":"var(--ast-global-color-5)","background-image":"","background-repeat":"repeat","background-position":"center center","background-size":"auto","background-attachment":"scroll","background-type":"","background-media":"","overlay-type":"","overlay-color":"","overlay-opacity":"","overlay-gradient":""},"mobile":{"background-color":"var(--ast-global-color-5)","background-image":"","background-repeat":"repeat","background-position":"center center","background-size":"auto","background-attachment":"scroll","background-type":"","background-media":"","overlay-type":"","overlay-color":"","overlay-opacity":"","overlay-gradient":""}},"footnotes":""},"class_list":["post-1359","page","type-page","status-publish","hentry"],"_links":{"self":[{"href":"https:\/\/palazzobenessere.com\/it\/wp-json\/wp\/v2\/pages\/1359","targetHints":{"allow":["GET"]}}],"collection":[{"href":"https:\/\/palazzobenessere.com\/it\/wp-json\/wp\/v2\/pages"}],"about":[{"href":"https:\/\/palazzobenessere.com\/it\/wp-json\/wp\/v2\/types\/page"}],"author":[{"embeddable":true,"href":"https:\/\/palazzobenessere.com\/it\/wp-json\/wp\/v2\/users\/1"}],"replies":[{"embeddable":true,"href":"https:\/\/palazzobenessere.com\/it\/wp-json\/wp\/v2\/comments?post=1359"}],"version-history":[{"count":13,"href":"https:\/\/palazzobenessere.com\/it\/wp-json\/wp\/v2\/pages\/1359\/revisions"}],"predecessor-version":[{"id":3461,"href":"https:\/\/palazzobenessere.com\/it\/wp-json\/wp\/v2\/pages\/1359\/revisions\/3461"}],"up":[{"embeddable":true,"href":"https:\/\/palazzobenessere.com\/it\/wp-json\/wp\/v2\/pages\/662"}],"wp:attachment":[{"href":"https:\/\/palazzobenessere.com\/it\/wp-json\/wp\/v2\/media?parent=1359"}],"curies":[{"name":"wp","href":"https:\/\/api.w.org\/{rel}","templated":true}]}}