{"id":1339,"date":"2024-12-11T10:03:34","date_gmt":"2024-12-11T10:03:34","guid":{"rendered":"https:\/\/palazzobenessere.com\/?page_id=1339"},"modified":"2025-09-18T10:31:16","modified_gmt":"2025-09-18T10:31:16","slug":"rich-anti-aging-cream","status":"publish","type":"page","link":"https:\/\/palazzobenessere.com\/it\/products\/age-expert\/rich-anti-aging-cream\/","title":{"rendered":"Rich Anti-Aging Cream"},"content":{"rendered":"<div data-elementor-type=\"wp-page\" data-elementor-id=\"1339\" class=\"elementor elementor-1339\">\n\t\t\t\t<div class=\"elementor-element elementor-element-cfa9196 e-flex e-con-boxed e-con e-parent\" data-id=\"cfa9196\" data-element_type=\"container\" data-settings=\"{&quot;background_background&quot;:&quot;classic&quot;}\">\n\t\t\t\t\t<div class=\"e-con-inner\">\n\t\t\t\t<div class=\"elementor-element elementor-element-e24e4d4 elementor-widget elementor-widget-text-editor\" data-id=\"e24e4d4\" data-element_type=\"widget\" data-widget_type=\"text-editor.default\">\n\t\t\t\t<div class=\"elementor-widget-container\">\n\t\t\t\t\t\t\t\t\t<p class=\"p1\">AGE EXPERT<\/p>\t\t\t\t\t\t\t\t<\/div>\n\t\t\t\t<\/div>\n\t\t\t\t<div class=\"elementor-element elementor-element-98a47b6 elementor-widget elementor-widget-heading\" data-id=\"98a47b6\" data-element_type=\"widget\" data-widget_type=\"heading.default\">\n\t\t\t\t<div class=\"elementor-widget-container\">\n\t\t\t\t\t<h1 class=\"elementor-heading-title elementor-size-default\">CREMA ANTI-AGING RICH\n<\/h1>\t\t\t\t<\/div>\n\t\t\t\t<\/div>\n\t\t\t\t<div class=\"elementor-element elementor-element-398f668 elementor-widget elementor-widget-text-editor\" data-id=\"398f668\" data-element_type=\"widget\" data-widget_type=\"text-editor.default\">\n\t\t\t\t<div class=\"elementor-widget-container\">\n\t\t\t\t\t\t\t\t\t<p class=\"p1\"><span class=\"s1\">TRIPLA EFFICACIA ANTI-ET\u00c0: LEVIGA LE RUGHE, EFFETTO LIFTING NATURALE, RIMPOLPA E NUTRE LA PELLE.<\/span><\/p>\t\t\t\t\t\t\t\t<\/div>\n\t\t\t\t<\/div>\n\t\t\t\t\t<\/div>\n\t\t\t\t<\/div>\n\t\t<div class=\"elementor-element elementor-element-ad96d05 e-flex e-con-boxed e-con e-parent\" data-id=\"ad96d05\" data-element_type=\"container\">\n\t\t\t\t\t<div class=\"e-con-inner\">\n\t\t<div class=\"elementor-element elementor-element-ea4b95f e-con-full e-flex e-con e-child\" data-id=\"ea4b95f\" data-element_type=\"container\">\n\t\t\t\t<div class=\"elementor-element elementor-element-e9b7b15 elementor-widget elementor-widget-image\" data-id=\"e9b7b15\" data-element_type=\"widget\" data-widget_type=\"image.default\">\n\t\t\t\t<div class=\"elementor-widget-container\">\n\t\t\t\t\t\t\t\t\t\t\t\t\t\t\t<img fetchpriority=\"high\" decoding=\"async\" width=\"600\" height=\"600\" src=\"https:\/\/palazzobenessere.com\/wp-content\/uploads\/2025\/09\/CremaAGE_expert_50ml-copia-2.jpg\" class=\"attachment-full size-full wp-image-3088\" alt=\"\" srcset=\"https:\/\/palazzobenessere.com\/wp-content\/uploads\/2025\/09\/CremaAGE_expert_50ml-copia-2.jpg 600w, https:\/\/palazzobenessere.com\/wp-content\/uploads\/2025\/09\/CremaAGE_expert_50ml-copia-2-300x300.jpg 300w, https:\/\/palazzobenessere.com\/wp-content\/uploads\/2025\/09\/CremaAGE_expert_50ml-copia-2-150x150.jpg 150w, https:\/\/palazzobenessere.com\/wp-content\/uploads\/2025\/09\/CremaAGE_expert_50ml-copia-2-12x12.jpg 12w\" sizes=\"(max-width: 600px) 100vw, 600px\" \/>\t\t\t\t\t\t\t\t\t\t\t\t\t\t\t<\/div>\n\t\t\t\t<\/div>\n\t\t<div class=\"elementor-element elementor-element-f320fa8 e-con-full e-flex e-con e-child\" data-id=\"f320fa8\" data-element_type=\"container\" data-settings=\"{&quot;background_background&quot;:&quot;classic&quot;}\">\n\t\t<div class=\"elementor-element elementor-element-20567e5 e-con-full e-flex e-con e-child\" data-id=\"20567e5\" data-element_type=\"container\">\n\t\t\t\t<div class=\"elementor-element elementor-element-fc5e305 elementor-widget elementor-widget-text-editor\" data-id=\"fc5e305\" data-element_type=\"widget\" data-widget_type=\"text-editor.default\">\n\t\t\t\t<div class=\"elementor-widget-container\">\n\t\t\t\t\t\t\t\t\t<p>\u2714<\/p>\t\t\t\t\t\t\t\t<\/div>\n\t\t\t\t<\/div>\n\t\t\t\t<div class=\"elementor-element elementor-element-bf2f70c elementor-widget elementor-widget-text-editor\" data-id=\"bf2f70c\" data-element_type=\"widget\" data-widget_type=\"text-editor.default\">\n\t\t\t\t<div class=\"elementor-widget-container\">\n\t\t\t\t\t\t\t\t\t<p>TESTATO SU PELLE SENSIBILE<\/p>\t\t\t\t\t\t\t\t<\/div>\n\t\t\t\t<\/div>\n\t\t\t\t<\/div>\n\t\t<div class=\"elementor-element elementor-element-c077c10 e-con-full e-flex e-con e-child\" data-id=\"c077c10\" data-element_type=\"container\">\n\t\t\t\t<div class=\"elementor-element elementor-element-b93e118 elementor-widget elementor-widget-text-editor\" data-id=\"b93e118\" data-element_type=\"widget\" data-widget_type=\"text-editor.default\">\n\t\t\t\t<div class=\"elementor-widget-container\">\n\t\t\t\t\t\t\t\t\t<p>\u2714<\/p>\t\t\t\t\t\t\t\t<\/div>\n\t\t\t\t<\/div>\n\t\t\t\t<div class=\"elementor-element elementor-element-825811f elementor-widget elementor-widget-text-editor\" data-id=\"825811f\" data-element_type=\"widget\" data-widget_type=\"text-editor.default\">\n\t\t\t\t<div class=\"elementor-widget-container\">\n\t\t\t\t\t\t\t\t\t<p>CONTENUTO NATURALE 97%<\/p>\t\t\t\t\t\t\t\t<\/div>\n\t\t\t\t<\/div>\n\t\t\t\t<\/div>\n\t\t\t\t<\/div>\n\t\t\t\t<\/div>\n\t\t<div class=\"elementor-element elementor-element-9fbaaa3 e-con-full e-flex e-con e-child\" data-id=\"9fbaaa3\" data-element_type=\"container\">\n\t\t\t\t<div class=\"elementor-element elementor-element-85d358e elementor-widget elementor-widget-heading\" data-id=\"85d358e\" data-element_type=\"widget\" data-widget_type=\"heading.default\">\n\t\t\t\t<div class=\"elementor-widget-container\">\n\t\t\t\t\t<h6 class=\"elementor-heading-title elementor-size-default\"><b>DESCRIZIONE<\/b><\/h6>\t\t\t\t<\/div>\n\t\t\t\t<\/div>\n\t\t\t\t<div class=\"elementor-element elementor-element-998a350 elementor-widget elementor-widget-text-editor\" data-id=\"998a350\" data-element_type=\"widget\" data-widget_type=\"text-editor.default\">\n\t\t\t\t<div class=\"elementor-widget-container\">\n\t\t\t\t\t\t\t\t\t<p class=\"p1\"><span class=\"s1\">Molto pi\u00f9 di una crema: un trattamento che favorisce la giovinezza. La pelle appare subito pi\u00f9 luminosa e profondamente nutrita, grazie alle esclusive Cellule Staminali della Mela che\ngarantiscono una potente azione anti-age e liftante. La grana della pelle \u00e8 gradualmente ristrutturata, l'epidermide \u00e8 pi\u00f9 elastica e\ncompatta.<\/span><\/p>\t\t\t\t\t\t\t\t<\/div>\n\t\t\t\t<\/div>\n\t\t\t\t<div class=\"elementor-element elementor-element-1fa0260 elementor-widget elementor-widget-heading\" data-id=\"1fa0260\" data-element_type=\"widget\" data-widget_type=\"heading.default\">\n\t\t\t\t<div class=\"elementor-widget-container\">\n\t\t\t\t\t<h6 class=\"elementor-heading-title elementor-size-default\"><b>PUNTI DI FORZA<\/b><\/h6>\t\t\t\t<\/div>\n\t\t\t\t<\/div>\n\t\t\t\t<div class=\"elementor-element elementor-element-21351f4 elementor-widget elementor-widget-text-editor\" data-id=\"21351f4\" data-element_type=\"widget\" data-widget_type=\"text-editor.default\">\n\t\t\t\t<div class=\"elementor-widget-container\">\n\t\t\t\t\t\t\t\t\t<ul><li class=\"p1\"><span class=\"s1\">Effetto lifting<\/span><\/li><li class=\"p1\"><span class=\"s1\">Funzione Anti-aging<\/span><\/li><li class=\"p1\"><span class=\"s1\">Idratazione in profondit\u00e0<\/span><\/li><\/ul>\t\t\t\t\t\t\t\t<\/div>\n\t\t\t\t<\/div>\n\t\t\t\t<div class=\"elementor-element elementor-element-f62b4d9 elementor-widget elementor-widget-heading\" data-id=\"f62b4d9\" data-element_type=\"widget\" data-widget_type=\"heading.default\">\n\t\t\t\t<div class=\"elementor-widget-container\">\n\t\t\t\t\t<h6 class=\"elementor-heading-title elementor-size-default\"><b>INGREDIENTI ATTIVI<\/b><\/h6>\t\t\t\t<\/div>\n\t\t\t\t<\/div>\n\t\t\t\t<div class=\"elementor-element elementor-element-6134ef6 elementor-widget elementor-widget-text-editor\" data-id=\"6134ef6\" data-element_type=\"widget\" data-widget_type=\"text-editor.default\">\n\t\t\t\t<div class=\"elementor-widget-container\">\n\t\t\t\t\t\t\t\t\t<p class=\"p1\"><strong><span class=\"s1\">PHYTOCELL TECH MALUS DOMESTICA<\/span><\/strong><\/p>\n<p class=\"p1\"><span class=\"s1\">Cellule staminali estratte da una variet\u00e0 di mela svizzera.\nEccellente effetto stimolante e rigenerante, propriet\u00e0 antiossidanti e anti-age.<\/span><\/p>\n<p class=\"p1\"><strong><span class=\"s1\">PHYTOLIFTING<\/span><\/strong><\/p>\n<p class=\"p1\"><span class=\"s1\">Lifting e levigante. Ingrediente interamente di origine vegetale e biotecnologica; contiene ciclodestrine ed \u00e8 noto per le sue propriet\u00e0 filmogene e idratanti.<\/span><\/p>\n<p class=\"p1\"><strong><span class=\"s1\">BETAINA<\/span><\/strong><\/p>\n<p class=\"p1\"><span class=\"s1\">Aminoacido ottenuto dalla lavorazione della Barbabietola da Zucchero, le sue propriet\u00e0 favoriscono l'idratazione e migliorano la barriera cutanea.<\/span><\/p>\n<p class=\"p1\"><strong><span class=\"s1\">ACIDO IALURONICO AD ALTO PESO MOLECOLARE<\/span><\/strong><\/p>\n<p class=\"p1\"><span class=\"s1\">Idrata e protegge il tessuto. Aumenta la resistenza, la compattezza e l'elasticit\u00e0 della pelle.<\/span><\/p>\n<p class=\"p1\"><strong><span class=\"s1\">BURRO DI KARIT\u00c9<\/span><\/strong><\/p>\n<p class=\"p1\"><span class=\"s1\">Propriet\u00e0 emollienti, nutrienti e idratanti. Grazie al suo contenuto di Vitamina E, svolge un'azione antiossidante, prevenendo le rughe.<\/span><\/p>\t\t\t\t\t\t\t\t<\/div>\n\t\t\t\t<\/div>\n\t\t\t\t<div class=\"elementor-element elementor-element-4b7bd3b elementor-widget elementor-widget-heading\" data-id=\"4b7bd3b\" data-element_type=\"widget\" data-widget_type=\"heading.default\">\n\t\t\t\t<div class=\"elementor-widget-container\">\n\t\t\t\t\t<h6 class=\"elementor-heading-title elementor-size-default\"><b>ISTRUZIONI PER L'USO<\/b><\/h6>\t\t\t\t<\/div>\n\t\t\t\t<\/div>\n\t\t\t\t<div class=\"elementor-element elementor-element-b23f473 elementor-widget elementor-widget-text-editor\" data-id=\"b23f473\" data-element_type=\"widget\" data-widget_type=\"text-editor.default\">\n\t\t\t\t<div class=\"elementor-widget-container\">\n\t\t\t\t\t\t\t\t\t<p class=\"p1\"><span class=\"s1\">Applicare mattina e sera sulla pelle pulita e asciutta. Stendere la crema su viso e collo utilizzando l'intera superficie delle mani con\nmovimenti ascendenti.<\/span><\/p>\n<p class=\"p1\"><span class=\"s1\">50ml &#8211; Art. 10F03001L<\/span><\/p>\t\t\t\t\t\t\t\t<\/div>\n\t\t\t\t<\/div>\n\t\t\t\t<div class=\"elementor-element elementor-element-60e1062 elementor-widget elementor-widget-heading\" data-id=\"60e1062\" data-element_type=\"widget\" data-widget_type=\"heading.default\">\n\t\t\t\t<div class=\"elementor-widget-container\">\n\t\t\t\t\t<h6 class=\"elementor-heading-title elementor-size-default\"><b>INCI<\/b><\/h6>\t\t\t\t<\/div>\n\t\t\t\t<\/div>\n\t\t\t\t<div class=\"elementor-element elementor-element-1fb5458 elementor-widget elementor-widget-text-editor\" data-id=\"1fb5458\" data-element_type=\"widget\" data-widget_type=\"text-editor.default\">\n\t\t\t\t<div class=\"elementor-widget-container\">\n\t\t\t\t\t\t\t\t\t<p class=\"p1\"><span class=\"s1\">INCI\nAqua, Behenyl Alcohol, Glycerin, Propanediol, Ethylhexyl Palmitate, Oryza\nSativa Bran Oil, Butyrospermum Parkii Butter, Prunus Amygdalus Dulcis\nOil, Caprylic\/Capric Triglyceride, Cetearyl Glucoside, Sorbitan Olivate, Cetyl\nAlcohol, Hexyl Laurate, Cetearyl Alcohol, Betaine, Olus Oil, Hydrogenated\nVegetable Oil, Tocopheryl Acetate, Parfum, Hydroxypropyl Cyclodextrin,\n1,2-Hexanediol, Caprylyl Glycol, Candelilla Cera, Xanthan Gum, Sodium\nHyaluronate, Tocopherol, Beta-Sitosterol, Squalene, Malus Domestica Fruit\nCell Culture Extract, Tropolone, Phenoxyethanol, Phospholipids.<\/span><\/p>\t\t\t\t\t\t\t\t<\/div>\n\t\t\t\t<\/div>\n\t\t\t\t<\/div>\n\t\t\t\t\t<\/div>\n\t\t\t\t<\/div>\n\t\t\t\t<\/div>","protected":false},"excerpt":{"rendered":"<p>AGE EXPERT RICH ANTI-AGING CREAM TRIPLE ANTI-AGING EFFECTIVENESS: SMOOTHS WRINKLES, NATURAL LIFTING EFFECT, RE-PLUMPS AND NOURISHES THE SKIN \u2714 SENSITIVE [&hellip;]<\/p>","protected":false},"author":1,"featured_media":0,"parent":654,"menu_order":0,"comment_status":"closed","ping_status":"closed","template":"","meta":{"site-sidebar-layout":"no-sidebar","site-content-layout":"","ast-site-content-layout":"full-width-container","site-content-style":"default","site-sidebar-style":"default","ast-global-header-display":"","ast-banner-title-visibility":"","ast-main-header-display":"","ast-hfb-above-header-display":"","ast-hfb-below-header-display":"","ast-hfb-mobile-header-display":"","site-post-title":"disabled","ast-breadcrumbs-content":"","ast-featured-img":"disabled","footer-sml-layout":"","theme-transparent-header-meta":"","adv-header-id-meta":"","stick-header-meta":"","header-above-stick-meta":"","header-main-stick-meta":"","header-below-stick-meta":"","astra-migrate-meta-layouts":"default","ast-page-background-enabled":"default","ast-page-background-meta":{"desktop":{"background-color":"var(--ast-global-color-4)","background-image":"","background-repeat":"repeat","background-position":"center center","background-size":"auto","background-attachment":"scroll","background-type":"","background-media":"","overlay-type":"","overlay-color":"","overlay-opacity":"","overlay-gradient":""},"tablet":{"background-color":"","background-image":"","background-repeat":"repeat","background-position":"center center","background-size":"auto","background-attachment":"scroll","background-type":"","background-media":"","overlay-type":"","overlay-color":"","overlay-opacity":"","overlay-gradient":""},"mobile":{"background-color":"","background-image":"","background-repeat":"repeat","background-position":"center center","background-size":"auto","background-attachment":"scroll","background-type":"","background-media":"","overlay-type":"","overlay-color":"","overlay-opacity":"","overlay-gradient":""}},"ast-content-background-meta":{"desktop":{"background-color":"var(--ast-global-color-5)","background-image":"","background-repeat":"repeat","background-position":"center center","background-size":"auto","background-attachment":"scroll","background-type":"","background-media":"","overlay-type":"","overlay-color":"","overlay-opacity":"","overlay-gradient":""},"tablet":{"background-color":"var(--ast-global-color-5)","background-image":"","background-repeat":"repeat","background-position":"center center","background-size":"auto","background-attachment":"scroll","background-type":"","background-media":"","overlay-type":"","overlay-color":"","overlay-opacity":"","overlay-gradient":""},"mobile":{"background-color":"var(--ast-global-color-5)","background-image":"","background-repeat":"repeat","background-position":"center center","background-size":"auto","background-attachment":"scroll","background-type":"","background-media":"","overlay-type":"","overlay-color":"","overlay-opacity":"","overlay-gradient":""}},"footnotes":""},"class_list":["post-1339","page","type-page","status-publish","hentry"],"_links":{"self":[{"href":"https:\/\/palazzobenessere.com\/it\/wp-json\/wp\/v2\/pages\/1339","targetHints":{"allow":["GET"]}}],"collection":[{"href":"https:\/\/palazzobenessere.com\/it\/wp-json\/wp\/v2\/pages"}],"about":[{"href":"https:\/\/palazzobenessere.com\/it\/wp-json\/wp\/v2\/types\/page"}],"author":[{"embeddable":true,"href":"https:\/\/palazzobenessere.com\/it\/wp-json\/wp\/v2\/users\/1"}],"replies":[{"embeddable":true,"href":"https:\/\/palazzobenessere.com\/it\/wp-json\/wp\/v2\/comments?post=1339"}],"version-history":[{"count":9,"href":"https:\/\/palazzobenessere.com\/it\/wp-json\/wp\/v2\/pages\/1339\/revisions"}],"predecessor-version":[{"id":3135,"href":"https:\/\/palazzobenessere.com\/it\/wp-json\/wp\/v2\/pages\/1339\/revisions\/3135"}],"up":[{"embeddable":true,"href":"https:\/\/palazzobenessere.com\/it\/wp-json\/wp\/v2\/pages\/654"}],"wp:attachment":[{"href":"https:\/\/palazzobenessere.com\/it\/wp-json\/wp\/v2\/media?parent=1339"}],"curies":[{"name":"wp","href":"https:\/\/api.w.org\/{rel}","templated":true}]}}